{"id":1095,"date":"2016-07-19T10:27:22","date_gmt":"2016-07-19T08:27:22","guid":{"rendered":"http:\/\/www.proholzlandwald.de\/bi\/?page_id=1095"},"modified":"2022-01-17T16:59:07","modified_gmt":"2022-01-17T15:59:07","slug":"bi-map","status":"publish","type":"page","link":"https:\/\/www.proholzlandwald.de\/bi\/aktivitaeten\/bi-map\/","title":{"rendered":"BI-Map"},"content":{"rendered":"<div id='layer_slider_1'  class='avia-layerslider main_color avia-shadow  avia-builder-el-0  el_before_av_textblock  avia-builder-el-first  container_wrap sidebar_right'  style='height: 151px; max-width: 1000px; margin: 0 auto;'  ><\/div><div id='after_layer_slider_1'  class='main_color av_default_container_wrap container_wrap sidebar_right'  ><div class='container av-section-cont-open' ><div class='template-page content  av-content-small alpha units'><div class='post-entry post-entry-type-page post-entry-1095'><div class='entry-content-wrapper clearfix'>\n<section  class='av_textblock_section av-av_textblock-0366cc7376be6c9e82a3e9cc8987b64f '   itemscope=\"itemscope\" itemtype=\"https:\/\/schema.org\/CreativeWork\" ><div class='avia_textblock'  itemprop=\"text\" ><h1>\u00dcbersicht der B\u00fcrgerinitiativen<\/h1>\n<p>Auf der \u00dcbersichtskarte von windwahn.com kann sich jeder auch eine B\u00fcrgerinitiative in seiner N\u00e4he suchen und sich aktiv beteiligen.<\/p>\n<\/div><\/section>\n<div  class='hr av-av_hr-dcd2069817a0e3d34ae04cad8f3443c7 hr-default  avia-builder-el-2  el_after_av_textblock  el_before_av_textblock '><span class='hr-inner '><span class=\"hr-inner-style\"><\/span><\/span><\/div>\n<section  class='av_textblock_section av-av_textblock-0366cc7376be6c9e82a3e9cc8987b64f '   itemscope=\"itemscope\" itemtype=\"https:\/\/schema.org\/CreativeWork\" ><div class='avia_textblock'  itemprop=\"text\" ><p><iframe loading=\"lazy\" src=\"https:\/\/www.google.com\/maps\/d\/embed?mid=1INuwcABHShZclo6l2SgcZi12ixs\" width=\"100%\" height=\"550px\"><\/iframe><\/p>\n<\/div><\/section>\n","protected":false},"excerpt":{"rendered":"","protected":false},"author":1,"featured_media":0,"parent":357,"menu_order":0,"comment_status":"closed","ping_status":"closed","template":"","meta":{"footnotes":""},"yoast_head":"<!-- This site is optimized with the Yoast SEO plugin v22.3 - https:\/\/yoast.com\/wordpress\/plugins\/seo\/ -->\n<title>BI-Map - ProHolzlandwald.de<\/title>\n<meta name=\"robots\" content=\"index, follow, max-snippet:-1, max-image-preview:large, max-video-preview:-1\" \/>\n<link rel=\"canonical\" href=\"https:\/\/www.proholzlandwald.de\/bi\/aktivitaeten\/bi-map\/\" \/>\n<meta property=\"og:locale\" content=\"de_DE\" \/>\n<meta property=\"og:type\" content=\"article\" \/>\n<meta property=\"og:title\" content=\"BI-Map - ProHolzlandwald.de\" \/>\n<meta property=\"og:url\" content=\"https:\/\/www.proholzlandwald.de\/bi\/aktivitaeten\/bi-map\/\" \/>\n<meta property=\"og:site_name\" content=\"ProHolzlandwald.de\" \/>\n<meta property=\"article:modified_time\" content=\"2022-01-17T15:59:07+00:00\" \/>\n<meta name=\"twitter:card\" content=\"summary_large_image\" \/>\n<script type=\"application\/ld+json\" class=\"yoast-schema-graph\">{\"@context\":\"https:\/\/schema.org\",\"@graph\":[{\"@type\":\"WebPage\",\"@id\":\"https:\/\/www.proholzlandwald.de\/bi\/aktivitaeten\/bi-map\/\",\"url\":\"https:\/\/www.proholzlandwald.de\/bi\/aktivitaeten\/bi-map\/\",\"name\":\"BI-Map - ProHolzlandwald.de\",\"isPartOf\":{\"@id\":\"https:\/\/www.proholzlandwald.de\/bi\/#website\"},\"datePublished\":\"2016-07-19T08:27:22+00:00\",\"dateModified\":\"2022-01-17T15:59:07+00:00\",\"breadcrumb\":{\"@id\":\"https:\/\/www.proholzlandwald.de\/bi\/aktivitaeten\/bi-map\/#breadcrumb\"},\"inLanguage\":\"de\",\"potentialAction\":[{\"@type\":\"ReadAction\",\"target\":[\"https:\/\/www.proholzlandwald.de\/bi\/aktivitaeten\/bi-map\/\"]}]},{\"@type\":\"BreadcrumbList\",\"@id\":\"https:\/\/www.proholzlandwald.de\/bi\/aktivitaeten\/bi-map\/#breadcrumb\",\"itemListElement\":[{\"@type\":\"ListItem\",\"position\":1,\"name\":\"Startseite\",\"item\":\"https:\/\/www.proholzlandwald.de\/bi\/startseite-2\/\"},{\"@type\":\"ListItem\",\"position\":2,\"name\":\"Aktivit\u00e4ten\",\"item\":\"https:\/\/www.proholzlandwald.de\/bi\/aktivitaeten\/\"},{\"@type\":\"ListItem\",\"position\":3,\"name\":\"BI-Map\"}]},{\"@type\":\"WebSite\",\"@id\":\"https:\/\/www.proholzlandwald.de\/bi\/#website\",\"url\":\"https:\/\/www.proholzlandwald.de\/bi\/\",\"name\":\"ProHolzlandwald.de\",\"description\":\"B\u00fcrgerinitiative ProHolzlandwald\",\"potentialAction\":[{\"@type\":\"SearchAction\",\"target\":{\"@type\":\"EntryPoint\",\"urlTemplate\":\"https:\/\/www.proholzlandwald.de\/bi\/?s={search_term_string}\"},\"query-input\":\"required name=search_term_string\"}],\"inLanguage\":\"de\"}]}<\/script>\n<!-- \/ Yoast SEO plugin. -->","yoast_head_json":{"title":"BI-Map - ProHolzlandwald.de","robots":{"index":"index","follow":"follow","max-snippet":"max-snippet:-1","max-image-preview":"max-image-preview:large","max-video-preview":"max-video-preview:-1"},"canonical":"https:\/\/www.proholzlandwald.de\/bi\/aktivitaeten\/bi-map\/","og_locale":"de_DE","og_type":"article","og_title":"BI-Map - ProHolzlandwald.de","og_url":"https:\/\/www.proholzlandwald.de\/bi\/aktivitaeten\/bi-map\/","og_site_name":"ProHolzlandwald.de","article_modified_time":"2022-01-17T15:59:07+00:00","twitter_card":"summary_large_image","schema":{"@context":"https:\/\/schema.org","@graph":[{"@type":"WebPage","@id":"https:\/\/www.proholzlandwald.de\/bi\/aktivitaeten\/bi-map\/","url":"https:\/\/www.proholzlandwald.de\/bi\/aktivitaeten\/bi-map\/","name":"BI-Map - ProHolzlandwald.de","isPartOf":{"@id":"https:\/\/www.proholzlandwald.de\/bi\/#website"},"datePublished":"2016-07-19T08:27:22+00:00","dateModified":"2022-01-17T15:59:07+00:00","breadcrumb":{"@id":"https:\/\/www.proholzlandwald.de\/bi\/aktivitaeten\/bi-map\/#breadcrumb"},"inLanguage":"de","potentialAction":[{"@type":"ReadAction","target":["https:\/\/www.proholzlandwald.de\/bi\/aktivitaeten\/bi-map\/"]}]},{"@type":"BreadcrumbList","@id":"https:\/\/www.proholzlandwald.de\/bi\/aktivitaeten\/bi-map\/#breadcrumb","itemListElement":[{"@type":"ListItem","position":1,"name":"Startseite","item":"https:\/\/www.proholzlandwald.de\/bi\/startseite-2\/"},{"@type":"ListItem","position":2,"name":"Aktivit\u00e4ten","item":"https:\/\/www.proholzlandwald.de\/bi\/aktivitaeten\/"},{"@type":"ListItem","position":3,"name":"BI-Map"}]},{"@type":"WebSite","@id":"https:\/\/www.proholzlandwald.de\/bi\/#website","url":"https:\/\/www.proholzlandwald.de\/bi\/","name":"ProHolzlandwald.de","description":"B\u00fcrgerinitiative ProHolzlandwald","potentialAction":[{"@type":"SearchAction","target":{"@type":"EntryPoint","urlTemplate":"https:\/\/www.proholzlandwald.de\/bi\/?s={search_term_string}"},"query-input":"required name=search_term_string"}],"inLanguage":"de"}]}},"_links":{"self":[{"href":"https:\/\/www.proholzlandwald.de\/bi\/wp-json\/wp\/v2\/pages\/1095"}],"collection":[{"href":"https:\/\/www.proholzlandwald.de\/bi\/wp-json\/wp\/v2\/pages"}],"about":[{"href":"https:\/\/www.proholzlandwald.de\/bi\/wp-json\/wp\/v2\/types\/page"}],"author":[{"embeddable":true,"href":"https:\/\/www.proholzlandwald.de\/bi\/wp-json\/wp\/v2\/users\/1"}],"replies":[{"embeddable":true,"href":"https:\/\/www.proholzlandwald.de\/bi\/wp-json\/wp\/v2\/comments?post=1095"}],"version-history":[{"count":10,"href":"https:\/\/www.proholzlandwald.de\/bi\/wp-json\/wp\/v2\/pages\/1095\/revisions"}],"predecessor-version":[{"id":2073,"href":"https:\/\/www.proholzlandwald.de\/bi\/wp-json\/wp\/v2\/pages\/1095\/revisions\/2073"}],"up":[{"embeddable":true,"href":"https:\/\/www.proholzlandwald.de\/bi\/wp-json\/wp\/v2\/pages\/357"}],"wp:attachment":[{"href":"https:\/\/www.proholzlandwald.de\/bi\/wp-json\/wp\/v2\/media?parent=1095"}],"curies":[{"name":"wp","href":"https:\/\/api.w.org\/{rel}","templated":true}]}}