{"id":2066,"date":"2022-01-17T14:23:22","date_gmt":"2022-01-17T13:23:22","guid":{"rendered":"http:\/\/www.proholzlandwald.de\/bi\/?page_id=2066"},"modified":"2024-07-18T16:12:21","modified_gmt":"2024-07-18T14:12:21","slug":"die-kriegswiesen-bei-tautenhain","status":"publish","type":"page","link":"https:\/\/www.proholzlandwald.de\/bi\/wandertafeln\/die-kriegswiesen-bei-tautenhain\/","title":{"rendered":"Die Kriegswiesen bei Tautenhain"},"content":{"rendered":"<div id='layer_slider_1'  class='avia-layerslider main_color avia-shadow  avia-builder-el-0  el_before_av_submenu  avia-builder-el-first  container_wrap sidebar_right'  style='height: 151px; max-width: 1000px; margin: 0 auto;'  ><\/div>\n<div class='clear'><\/div><div id='sub_menu1'  class='av-submenu-container av-kzejm7i9-465c7c1da764d8fb1d295edcceb7eded main_color  avia-builder-el-1  el_after_av_layerslider  el_before_av_one_full  av-sticky-submenu submenu-not-first container_wrap sidebar_right' style='z-index:301' ><div class='container av-menu-mobile-disabled av-submenu-pos-center'><ul id=\"menu-wandertafeln\" class=\"av-subnav-menu\" role=\"menu\"><li role=\"menuitem\" id=\"menu-item-2161\" class=\"menu-item menu-item-type-post_type menu-item-object-page menu-item-top-level menu-item-top-level-1\"><a href=\"https:\/\/www.proholzlandwald.de\/bi\/wandertafeln\/die-kriegswiesen-bei-tautenhain\/\" itemprop=\"url\" tabindex=\"0\"><span class=\"avia-bullet\"><\/span><span class=\"avia-menu-text\">Die Kriegswiesen bei Tautenhain<\/span><span class=\"avia-menu-fx\"><span class=\"avia-arrow-wrap\"><span class=\"avia-arrow\"><\/span><\/span><\/span><\/a><\/li>\n<li role=\"menuitem\" id=\"menu-item-2159\" class=\"menu-item menu-item-type-post_type menu-item-object-page menu-item-top-level menu-item-top-level-2\"><a href=\"https:\/\/www.proholzlandwald.de\/bi\/wandertafeln\/wie-tautenhain-vielleicht-zu-seinem-namen-kam\/\" itemprop=\"url\" tabindex=\"0\"><span class=\"avia-bullet\"><\/span><span class=\"avia-menu-text\">Wie Tautenhain vielleicht zu seinem Namen kam<\/span><span class=\"avia-menu-fx\"><span class=\"avia-arrow-wrap\"><span class=\"avia-arrow\"><\/span><\/span><\/span><\/a><\/li>\n<li role=\"menuitem\" id=\"menu-item-2158\" class=\"menu-item menu-item-type-post_type menu-item-object-page menu-item-top-level menu-item-top-level-3\"><a href=\"https:\/\/www.proholzlandwald.de\/bi\/wandertafeln\/die-huhle-der-hohle-weg\/\" itemprop=\"url\" tabindex=\"0\"><span class=\"avia-bullet\"><\/span><span class=\"avia-menu-text\">Die Huhle \u2013 Der hohle Weg<\/span><span class=\"avia-menu-fx\"><span class=\"avia-arrow-wrap\"><span class=\"avia-arrow\"><\/span><\/span><\/span><\/a><\/li>\n<li role=\"menuitem\" id=\"menu-item-2160\" class=\"menu-item menu-item-type-post_type menu-item-object-page menu-item-top-level menu-item-top-level-4\"><a href=\"https:\/\/www.proholzlandwald.de\/bi\/wandertafeln\/gartenabfaelle-gehoeren-nicht-in-den-wald\/\" itemprop=\"url\" tabindex=\"0\"><span class=\"avia-bullet\"><\/span><span class=\"avia-menu-text\">Gartenabf\u00e4lle geh\u00f6ren nicht in den Wald<\/span><span class=\"avia-menu-fx\"><span class=\"avia-arrow-wrap\"><span class=\"avia-arrow\"><\/span><\/span><\/span><\/a><\/li>\n<li role=\"menuitem\" id=\"menu-item-2494\" class=\"menu-item menu-item-type-post_type menu-item-object-page menu-item-top-level menu-item-top-level-5\"><a href=\"https:\/\/www.proholzlandwald.de\/bi\/wandertafeln\/berthas-ruh\/\" itemprop=\"url\" tabindex=\"0\"><span class=\"avia-bullet\"><\/span><span class=\"avia-menu-text\">Berthas Ruh<\/span><span class=\"avia-menu-fx\"><span class=\"avia-arrow-wrap\"><span class=\"avia-arrow\"><\/span><\/span><\/span><\/a><\/li>\n<li role=\"menuitem\" id=\"menu-item-2495\" class=\"menu-item menu-item-type-post_type menu-item-object-page menu-item-top-level menu-item-top-level-6\"><a href=\"https:\/\/www.proholzlandwald.de\/bi\/wandertafeln\/im-himmelsgrund\/\" itemprop=\"url\" tabindex=\"0\"><span class=\"avia-bullet\"><\/span><span class=\"avia-menu-text\">Im Himmelsgrund<\/span><span class=\"avia-menu-fx\"><span class=\"avia-arrow-wrap\"><span class=\"avia-arrow\"><\/span><\/span><\/span><\/a><\/li>\n<\/ul><\/div><\/div><div class='sticky_placeholder'><\/div><div id='after_submenu_1'  class='main_color av_default_container_wrap container_wrap sidebar_right'  ><div class='container av-section-cont-open' ><div class='template-page content  av-content-small alpha units'><div class='post-entry post-entry-type-page post-entry-2066'><div class='entry-content-wrapper clearfix'>\n<div  class='flex_column av-3p2faq-0b7c6539daded3e6baae28d50072b75e av_one_full  avia-builder-el-2  el_after_av_submenu  avia-builder-el-no-sibling  first flex_column_div  '     ><section  class='av_textblock_section av-2714fm-569d73feeb7f48839cbd2d30f5171284 '   itemscope=\"itemscope\" itemtype=\"https:\/\/schema.org\/CreativeWork\" ><div class='avia_textblock'  itemprop=\"text\" ><p><strong><img loading=\"lazy\" decoding=\"async\" class=\"alignnone size-medium wp-image-2223\" src=\"http:\/\/www.proholzlandwald.de\/bi\/wp-content\/uploads\/2022\/04\/N1-224x300.jpg\" alt=\"\" width=\"224\" height=\"300\" srcset=\"https:\/\/www.proholzlandwald.de\/bi\/wp-content\/uploads\/2022\/04\/N1-224x300.jpg 224w, https:\/\/www.proholzlandwald.de\/bi\/wp-content\/uploads\/2022\/04\/N1-526x705.jpg 526w, https:\/\/www.proholzlandwald.de\/bi\/wp-content\/uploads\/2022\/04\/N1.jpg 535w\" sizes=\"(max-width: 224px) 100vw, 224px\" \/><\/strong><\/p>\n<p><strong>Ehemalige Kaserne der 3. Raketenbrigade der NVA<\/strong><\/p>\n<p><img loading=\"lazy\" decoding=\"async\" class=\"alignnone wp-image-2068\" src=\"http:\/\/www.proholzlandwald.de\/bi\/wp-content\/uploads\/2022\/01\/Luftbild-Tautenhain-300x203.jpg\" alt=\"\" width=\"536\" height=\"363\" srcset=\"https:\/\/www.proholzlandwald.de\/bi\/wp-content\/uploads\/2022\/01\/Luftbild-Tautenhain-300x203.jpg 300w, https:\/\/www.proholzlandwald.de\/bi\/wp-content\/uploads\/2022\/01\/Luftbild-Tautenhain-450x304.jpg 450w, https:\/\/www.proholzlandwald.de\/bi\/wp-content\/uploads\/2022\/01\/Luftbild-Tautenhain.jpg 511w\" sizes=\"(max-width: 536px) 100vw, 536px\" \/><\/p>\n<p>Hier befand sich von <strong>1975 bis 1990<\/strong> der Standort der <strong>3. Raketenbrigade der NVA.<\/strong><br \/>\nHinter ihnen 4 von 7 der ehemaligen Wohnbl\u00f6cke f\u00fcr die Familien der Berufssoldaten \u2013<br \/>\nmit dem h\u00f6chsten Punkt der Gemarkung Tautenhain 365 m \u00fc. NHN.<\/p>\n<p>Der Gesamtbestand der Raketenbrigade umfasste u.a. <strong>zw\u00f6lf Startfahrzeuge 9P117M1 des Raketenkomplexes 9K72M<\/strong>. Zu \u00dcbungszwecken wurde ein \u201eHochhaus\u201c errichtet (noch links am Objektende sichtbar), in dem das Aufrichten der 11 m langen Rakete trainiert wurde.<\/p>\n<p>Es handelte sich um <strong>Boden-Boden-Raketen<\/strong> mit einer <strong>Reichweite bis 300km.<\/strong> Die NVA verf\u00fcgte f\u00fcr diesen Raketenkomplex (in der NATO bekannt als Scud 1b) weder \u00fcber konventionelle, noch \u00fcber nukleare Gefechtsk\u00f6pfe. Diese w\u00e4ren im Kriegsfall durch sowjetische Truppen zugef\u00fchrt worden<\/p>\n<p><strong>\u00dcbungsstarts<\/strong> dieser operativ-taktischer Raketen wurden alle 2 Jahre (letztmalig September 1988) auf dem ehemaligen sowjetischen Staatspoligon <strong>Kapustin Jar<\/strong> durchgef\u00fchrt.<\/p>\n<p><img loading=\"lazy\" decoding=\"async\" class=\"alignnone wp-image-2202\" src=\"http:\/\/www.proholzlandwald.de\/bi\/wp-content\/uploads\/2022\/02\/start-300x207.jpg\" alt=\"\" width=\"317\" height=\"219\" srcset=\"https:\/\/www.proholzlandwald.de\/bi\/wp-content\/uploads\/2022\/02\/start-300x207.jpg 300w, https:\/\/www.proholzlandwald.de\/bi\/wp-content\/uploads\/2022\/02\/start-1030x712.jpg 1030w, https:\/\/www.proholzlandwald.de\/bi\/wp-content\/uploads\/2022\/02\/start-768x531.jpg 768w, https:\/\/www.proholzlandwald.de\/bi\/wp-content\/uploads\/2022\/02\/start-1536x1062.jpg 1536w, https:\/\/www.proholzlandwald.de\/bi\/wp-content\/uploads\/2022\/02\/start-1500x1037.jpg 1500w, https:\/\/www.proholzlandwald.de\/bi\/wp-content\/uploads\/2022\/02\/start-705x487.jpg 705w, https:\/\/www.proholzlandwald.de\/bi\/wp-content\/uploads\/2022\/02\/start.jpg 1565w\" sizes=\"(max-width: 317px) 100vw, 317px\" \/>\u00a0 <img loading=\"lazy\" decoding=\"async\" class=\"alignnone wp-image-2203\" src=\"http:\/\/www.proholzlandwald.de\/bi\/wp-content\/uploads\/2022\/02\/Startrampe.jpg\" alt=\"\" width=\"285\" height=\"217\" \/><\/p>\n<p>Die Kaserne verf\u00fcgte u.a. \u00fcber einen Sportplatz, Turnhalle, Kultursaal mit Kino und eine \u00f6ffentliche Gastst\u00e4tte.<\/p>\n<p><strong>Nach der Aufl\u00f6sung der NVA<\/strong> erfolgte bis 1995 die<strong> Kasernenmodernisierung<\/strong> und diente bis 2000 als <strong>Standort f\u00fcr verschiedene Kompanien der Bundeswehr.<\/strong><\/p>\n<p>Danach wurde die Kaserne national und international <strong>zum Verkauf oder Umnutzung ausgeschrieben<\/strong>. Es entstand ein Gewerbepark f\u00fcr kleine und mittelst\u00e4ndische Unternehmen. Ein geplanter Museums- und Erlebnispark wurde nie er\u00f6ffnet.<\/p>\n<p><strong>2012 erfolgte der Abriss der Kaserne<\/strong> und schuf Platz f\u00fcr einen <strong>Solarpark<\/strong> .<\/p>\n<\/div><\/section><\/div>\n","protected":false},"excerpt":{"rendered":"","protected":false},"author":4,"featured_media":0,"parent":2063,"menu_order":1,"comment_status":"closed","ping_status":"closed","template":"","meta":{"footnotes":""},"yoast_head":"<!-- This site is optimized with the Yoast SEO plugin v22.3 - https:\/\/yoast.com\/wordpress\/plugins\/seo\/ -->\n<title>Die Kriegswiesen bei Tautenhain - ProHolzlandwald.de<\/title>\n<meta name=\"robots\" content=\"index, follow, max-snippet:-1, max-image-preview:large, max-video-preview:-1\" \/>\n<link rel=\"canonical\" href=\"https:\/\/www.proholzlandwald.de\/bi\/wandertafeln\/die-kriegswiesen-bei-tautenhain\/\" \/>\n<meta property=\"og:locale\" content=\"de_DE\" \/>\n<meta property=\"og:type\" content=\"article\" \/>\n<meta property=\"og:title\" content=\"Die Kriegswiesen bei Tautenhain - ProHolzlandwald.de\" \/>\n<meta property=\"og:url\" content=\"https:\/\/www.proholzlandwald.de\/bi\/wandertafeln\/die-kriegswiesen-bei-tautenhain\/\" \/>\n<meta property=\"og:site_name\" content=\"ProHolzlandwald.de\" \/>\n<meta property=\"article:modified_time\" content=\"2024-07-18T14:12:21+00:00\" \/>\n<meta property=\"og:image\" content=\"http:\/\/www.proholzlandwald.de\/bi\/wp-content\/uploads\/2022\/04\/N1-224x300.jpg\" \/>\n<meta name=\"twitter:card\" content=\"summary_large_image\" \/>\n<meta name=\"twitter:label1\" content=\"Gesch\u00e4tzte Lesezeit\" \/>\n\t<meta name=\"twitter:data1\" content=\"3\u00a0Minuten\" \/>\n<script type=\"application\/ld+json\" class=\"yoast-schema-graph\">{\"@context\":\"https:\/\/schema.org\",\"@graph\":[{\"@type\":\"WebPage\",\"@id\":\"https:\/\/www.proholzlandwald.de\/bi\/wandertafeln\/die-kriegswiesen-bei-tautenhain\/\",\"url\":\"https:\/\/www.proholzlandwald.de\/bi\/wandertafeln\/die-kriegswiesen-bei-tautenhain\/\",\"name\":\"Die Kriegswiesen bei Tautenhain - ProHolzlandwald.de\",\"isPartOf\":{\"@id\":\"https:\/\/www.proholzlandwald.de\/bi\/#website\"},\"primaryImageOfPage\":{\"@id\":\"https:\/\/www.proholzlandwald.de\/bi\/wandertafeln\/die-kriegswiesen-bei-tautenhain\/#primaryimage\"},\"image\":{\"@id\":\"https:\/\/www.proholzlandwald.de\/bi\/wandertafeln\/die-kriegswiesen-bei-tautenhain\/#primaryimage\"},\"thumbnailUrl\":\"http:\/\/www.proholzlandwald.de\/bi\/wp-content\/uploads\/2022\/04\/N1-224x300.jpg\",\"datePublished\":\"2022-01-17T13:23:22+00:00\",\"dateModified\":\"2024-07-18T14:12:21+00:00\",\"breadcrumb\":{\"@id\":\"https:\/\/www.proholzlandwald.de\/bi\/wandertafeln\/die-kriegswiesen-bei-tautenhain\/#breadcrumb\"},\"inLanguage\":\"de\",\"potentialAction\":[{\"@type\":\"ReadAction\",\"target\":[\"https:\/\/www.proholzlandwald.de\/bi\/wandertafeln\/die-kriegswiesen-bei-tautenhain\/\"]}]},{\"@type\":\"ImageObject\",\"inLanguage\":\"de\",\"@id\":\"https:\/\/www.proholzlandwald.de\/bi\/wandertafeln\/die-kriegswiesen-bei-tautenhain\/#primaryimage\",\"url\":\"https:\/\/www.proholzlandwald.de\/bi\/wp-content\/uploads\/2022\/04\/N1.jpg\",\"contentUrl\":\"https:\/\/www.proholzlandwald.de\/bi\/wp-content\/uploads\/2022\/04\/N1.jpg\",\"width\":535,\"height\":717},{\"@type\":\"BreadcrumbList\",\"@id\":\"https:\/\/www.proholzlandwald.de\/bi\/wandertafeln\/die-kriegswiesen-bei-tautenhain\/#breadcrumb\",\"itemListElement\":[{\"@type\":\"ListItem\",\"position\":1,\"name\":\"Startseite\",\"item\":\"https:\/\/www.proholzlandwald.de\/bi\/startseite-2\/\"},{\"@type\":\"ListItem\",\"position\":2,\"name\":\"Wandertafeln\",\"item\":\"https:\/\/www.proholzlandwald.de\/bi\/wandertafeln\/\"},{\"@type\":\"ListItem\",\"position\":3,\"name\":\"Die Kriegswiesen bei Tautenhain\"}]},{\"@type\":\"WebSite\",\"@id\":\"https:\/\/www.proholzlandwald.de\/bi\/#website\",\"url\":\"https:\/\/www.proholzlandwald.de\/bi\/\",\"name\":\"ProHolzlandwald.de\",\"description\":\"B\u00fcrgerinitiative ProHolzlandwald\",\"potentialAction\":[{\"@type\":\"SearchAction\",\"target\":{\"@type\":\"EntryPoint\",\"urlTemplate\":\"https:\/\/www.proholzlandwald.de\/bi\/?s={search_term_string}\"},\"query-input\":\"required name=search_term_string\"}],\"inLanguage\":\"de\"}]}<\/script>\n<!-- \/ Yoast SEO plugin. -->","yoast_head_json":{"title":"Die Kriegswiesen bei Tautenhain - ProHolzlandwald.de","robots":{"index":"index","follow":"follow","max-snippet":"max-snippet:-1","max-image-preview":"max-image-preview:large","max-video-preview":"max-video-preview:-1"},"canonical":"https:\/\/www.proholzlandwald.de\/bi\/wandertafeln\/die-kriegswiesen-bei-tautenhain\/","og_locale":"de_DE","og_type":"article","og_title":"Die Kriegswiesen bei Tautenhain - ProHolzlandwald.de","og_url":"https:\/\/www.proholzlandwald.de\/bi\/wandertafeln\/die-kriegswiesen-bei-tautenhain\/","og_site_name":"ProHolzlandwald.de","article_modified_time":"2024-07-18T14:12:21+00:00","og_image":[{"url":"http:\/\/www.proholzlandwald.de\/bi\/wp-content\/uploads\/2022\/04\/N1-224x300.jpg"}],"twitter_card":"summary_large_image","twitter_misc":{"Gesch\u00e4tzte Lesezeit":"3\u00a0Minuten"},"schema":{"@context":"https:\/\/schema.org","@graph":[{"@type":"WebPage","@id":"https:\/\/www.proholzlandwald.de\/bi\/wandertafeln\/die-kriegswiesen-bei-tautenhain\/","url":"https:\/\/www.proholzlandwald.de\/bi\/wandertafeln\/die-kriegswiesen-bei-tautenhain\/","name":"Die Kriegswiesen bei Tautenhain - ProHolzlandwald.de","isPartOf":{"@id":"https:\/\/www.proholzlandwald.de\/bi\/#website"},"primaryImageOfPage":{"@id":"https:\/\/www.proholzlandwald.de\/bi\/wandertafeln\/die-kriegswiesen-bei-tautenhain\/#primaryimage"},"image":{"@id":"https:\/\/www.proholzlandwald.de\/bi\/wandertafeln\/die-kriegswiesen-bei-tautenhain\/#primaryimage"},"thumbnailUrl":"http:\/\/www.proholzlandwald.de\/bi\/wp-content\/uploads\/2022\/04\/N1-224x300.jpg","datePublished":"2022-01-17T13:23:22+00:00","dateModified":"2024-07-18T14:12:21+00:00","breadcrumb":{"@id":"https:\/\/www.proholzlandwald.de\/bi\/wandertafeln\/die-kriegswiesen-bei-tautenhain\/#breadcrumb"},"inLanguage":"de","potentialAction":[{"@type":"ReadAction","target":["https:\/\/www.proholzlandwald.de\/bi\/wandertafeln\/die-kriegswiesen-bei-tautenhain\/"]}]},{"@type":"ImageObject","inLanguage":"de","@id":"https:\/\/www.proholzlandwald.de\/bi\/wandertafeln\/die-kriegswiesen-bei-tautenhain\/#primaryimage","url":"https:\/\/www.proholzlandwald.de\/bi\/wp-content\/uploads\/2022\/04\/N1.jpg","contentUrl":"https:\/\/www.proholzlandwald.de\/bi\/wp-content\/uploads\/2022\/04\/N1.jpg","width":535,"height":717},{"@type":"BreadcrumbList","@id":"https:\/\/www.proholzlandwald.de\/bi\/wandertafeln\/die-kriegswiesen-bei-tautenhain\/#breadcrumb","itemListElement":[{"@type":"ListItem","position":1,"name":"Startseite","item":"https:\/\/www.proholzlandwald.de\/bi\/startseite-2\/"},{"@type":"ListItem","position":2,"name":"Wandertafeln","item":"https:\/\/www.proholzlandwald.de\/bi\/wandertafeln\/"},{"@type":"ListItem","position":3,"name":"Die Kriegswiesen bei Tautenhain"}]},{"@type":"WebSite","@id":"https:\/\/www.proholzlandwald.de\/bi\/#website","url":"https:\/\/www.proholzlandwald.de\/bi\/","name":"ProHolzlandwald.de","description":"B\u00fcrgerinitiative ProHolzlandwald","potentialAction":[{"@type":"SearchAction","target":{"@type":"EntryPoint","urlTemplate":"https:\/\/www.proholzlandwald.de\/bi\/?s={search_term_string}"},"query-input":"required name=search_term_string"}],"inLanguage":"de"}]}},"_links":{"self":[{"href":"https:\/\/www.proholzlandwald.de\/bi\/wp-json\/wp\/v2\/pages\/2066"}],"collection":[{"href":"https:\/\/www.proholzlandwald.de\/bi\/wp-json\/wp\/v2\/pages"}],"about":[{"href":"https:\/\/www.proholzlandwald.de\/bi\/wp-json\/wp\/v2\/types\/page"}],"author":[{"embeddable":true,"href":"https:\/\/www.proholzlandwald.de\/bi\/wp-json\/wp\/v2\/users\/4"}],"replies":[{"embeddable":true,"href":"https:\/\/www.proholzlandwald.de\/bi\/wp-json\/wp\/v2\/comments?post=2066"}],"version-history":[{"count":12,"href":"https:\/\/www.proholzlandwald.de\/bi\/wp-json\/wp\/v2\/pages\/2066\/revisions"}],"predecessor-version":[{"id":2441,"href":"https:\/\/www.proholzlandwald.de\/bi\/wp-json\/wp\/v2\/pages\/2066\/revisions\/2441"}],"up":[{"embeddable":true,"href":"https:\/\/www.proholzlandwald.de\/bi\/wp-json\/wp\/v2\/pages\/2063"}],"wp:attachment":[{"href":"https:\/\/www.proholzlandwald.de\/bi\/wp-json\/wp\/v2\/media?parent=2066"}],"curies":[{"name":"wp","href":"https:\/\/api.w.org\/{rel}","templated":true}]}}