{"id":2105,"date":"2022-02-07T16:53:02","date_gmt":"2022-02-07T15:53:02","guid":{"rendered":"http:\/\/www.proholzlandwald.de\/bi\/?page_id=2105"},"modified":"2024-07-18T14:58:02","modified_gmt":"2024-07-18T12:58:02","slug":"die-huhle-der-hohle-weg","status":"publish","type":"page","link":"https:\/\/www.proholzlandwald.de\/bi\/wandertafeln\/die-huhle-der-hohle-weg\/","title":{"rendered":"De Huhle &#8211; Der hohle Weg"},"content":{"rendered":"<p><strong>Die Geschichte \u201eDe Huhle\u00a0 &#8211;\u00a0 \u00a0 Der hohle Weg\u201c<\/strong><\/p>\n<p><img loading=\"lazy\" decoding=\"async\" class=\"wp-image-2226 alignnone\" src=\"http:\/\/www.proholzlandwald.de\/bi\/wp-content\/uploads\/2022\/04\/N4-225x300.jpg\" alt=\"\" width=\"202\" height=\"269\" srcset=\"https:\/\/www.proholzlandwald.de\/bi\/wp-content\/uploads\/2022\/04\/N4-225x300.jpg 225w, https:\/\/www.proholzlandwald.de\/bi\/wp-content\/uploads\/2022\/04\/N4-528x705.jpg 528w, https:\/\/www.proholzlandwald.de\/bi\/wp-content\/uploads\/2022\/04\/N4.jpg 653w\" sizes=\"(max-width: 202px) 100vw, 202px\" \/><\/p>\n<p><strong>Historisches:<\/strong><\/p>\n<p>Auf diesem Wegabschnitt befindet sich ein <strong>historisches Teilst\u00fcck des R\u00fcdersdorfer Marktweges<\/strong>. Der Weg f\u00fchrt <strong>von R\u00fcdersdorf<\/strong> quer durch den Wald und kreuzt an der Landstra\u00dfe von Bad Klosterlausnitz nach Bad K\u00f6stritz die Tautenhainer Flur. Von dort aus f\u00fchrt er als <strong>Tautenhainer Marktweg<\/strong> geradewegs <strong>durch das M\u00fchltal hindurch<\/strong> und endet in der Eisenberger Flur, wo es den <a href=\"https:\/\/www.google.de\/maps\/place\/Tautenhainer+Marktweg,+07607+Eisenberg\/@50.9602733,11.9012237,612m\/data=!3m1!1e3!4m5!3m4!1s0x47a6b91cbae4e485:0x448c9c41cef49f03!8m2!3d50.9602417!4d11.9038378\">Tautenhainer Marktweg noch als Stra\u00dfennamen<\/a> gibt. Der gesamte Marktweg ist nur noch in <strong>Teilst\u00fccken<\/strong> zu begehen, da er teils in den D\u00f6rfern \u00fcber Felder und eingez\u00e4untes Privatgel\u00e4nde f\u00fchrt oder im Wald einfach zugewachsen ist. <strong>Auf dem Marktweg haben die Bauern und Handwerker ihre Waren in Huckek\u00f6rben und Schiebekarren auf direktem Wege zu den Markttagen nach Eisenberg transportiert,<\/strong> lange bevor es Eisenbahn und Autos gab.<\/p>\n<p><img loading=\"lazy\" decoding=\"async\" class=\"alignnone wp-image-2186\" src=\"http:\/\/www.proholzlandwald.de\/bi\/wp-content\/uploads\/2022\/02\/Tautenhainer-Marktweg-300x274.jpg\" alt=\"\" width=\"368\" height=\"336\" srcset=\"https:\/\/www.proholzlandwald.de\/bi\/wp-content\/uploads\/2022\/02\/Tautenhainer-Marktweg-300x274.jpg 300w, https:\/\/www.proholzlandwald.de\/bi\/wp-content\/uploads\/2022\/02\/Tautenhainer-Marktweg-768x702.jpg 768w, https:\/\/www.proholzlandwald.de\/bi\/wp-content\/uploads\/2022\/02\/Tautenhainer-Marktweg-705x644.jpg 705w, https:\/\/www.proholzlandwald.de\/bi\/wp-content\/uploads\/2022\/02\/Tautenhainer-Marktweg.jpg 1024w\" sizes=\"(max-width: 368px) 100vw, 368px\" \/><\/p>\n<p><strong>Aktuelles:<\/strong><\/p>\n<p>Ende der neunziger Jahre brachte<strong> ein findiger Rentner aus Tautenhain<\/strong> (Heinz Kalina) eine Idee aus dem Urlaub in Ramsau mit, die ihn nicht mehr loslie\u00df. Er wollte etwas Kreatives f\u00fcr Kinder machen, etwas zum Staunen und Entdecken. Der gelernte M\u00f6beltischler und Polytechniklehrer <strong>verwandelte die Huhle liebevoll und mit viel handwerklichem Geschick in einen Zwergenwald<\/strong>. Ganze Kindergartengenerationen und unz\u00e4hlige Spazierg\u00e4nger haben sich seit 2008 an diesem Zwergenland erfreut. Nun war dieser Zwergenwald schon etwas in die Jahre gekommen. <strong>Vier Sch\u00fclerinnen der Regelschule Hermsdorf<\/strong> haben es zu ihrem<strong> Projekt<\/strong> gemacht und im Rahmen ihrer <strong>Abschlussarbeit 2022 den Zwergenwald neu gestaltet. Das Ergebnis kann sich sehen lassen! <\/strong>Schaut selbst vorbei und \u00fcberzeugt euch von den vielen vielen liebevoll gestalteten Details in der alten Huhle. &#8211;<\/p>\n<p>Die <a href=\"https:\/\/www.otz.de\/regionen\/eisenberg\/zwergenwald-in-tautenhain-wiedereroeffnet-id235255019.html\">OTZ hat dar\u00fcber berichtet<\/a> &#8211; Hier ein paar Bilder:<\/p>\n<p><img loading=\"lazy\" decoding=\"async\" class=\"alignnone size-medium wp-image-2308\" src=\"http:\/\/www.proholzlandwald.de\/bi\/wp-content\/uploads\/2023\/05\/z1-200x300.jpg\" alt=\"\" width=\"200\" height=\"300\" srcset=\"https:\/\/www.proholzlandwald.de\/bi\/wp-content\/uploads\/2023\/05\/z1-200x300.jpg 200w, https:\/\/www.proholzlandwald.de\/bi\/wp-content\/uploads\/2023\/05\/z1-687x1030.jpg 687w, https:\/\/www.proholzlandwald.de\/bi\/wp-content\/uploads\/2023\/05\/z1-768x1151.jpg 768w, https:\/\/www.proholzlandwald.de\/bi\/wp-content\/uploads\/2023\/05\/z1-1025x1536.jpg 1025w, https:\/\/www.proholzlandwald.de\/bi\/wp-content\/uploads\/2023\/05\/z1-1001x1500.jpg 1001w, https:\/\/www.proholzlandwald.de\/bi\/wp-content\/uploads\/2023\/05\/z1-470x705.jpg 470w, https:\/\/www.proholzlandwald.de\/bi\/wp-content\/uploads\/2023\/05\/z1.jpg 1280w\" sizes=\"(max-width: 200px) 100vw, 200px\" \/> <img loading=\"lazy\" decoding=\"async\" class=\"alignnone size-medium wp-image-2309\" src=\"http:\/\/www.proholzlandwald.de\/bi\/wp-content\/uploads\/2023\/05\/z2-200x300.jpg\" alt=\"\" width=\"200\" height=\"300\" srcset=\"https:\/\/www.proholzlandwald.de\/bi\/wp-content\/uploads\/2023\/05\/z2-200x300.jpg 200w, https:\/\/www.proholzlandwald.de\/bi\/wp-content\/uploads\/2023\/05\/z2-687x1030.jpg 687w, https:\/\/www.proholzlandwald.de\/bi\/wp-content\/uploads\/2023\/05\/z2-768x1151.jpg 768w, https:\/\/www.proholzlandwald.de\/bi\/wp-content\/uploads\/2023\/05\/z2-1025x1536.jpg 1025w, https:\/\/www.proholzlandwald.de\/bi\/wp-content\/uploads\/2023\/05\/z2-1001x1500.jpg 1001w, https:\/\/www.proholzlandwald.de\/bi\/wp-content\/uploads\/2023\/05\/z2-470x705.jpg 470w, https:\/\/www.proholzlandwald.de\/bi\/wp-content\/uploads\/2023\/05\/z2.jpg 1280w\" sizes=\"(max-width: 200px) 100vw, 200px\" \/> <img loading=\"lazy\" decoding=\"async\" class=\"alignnone size-medium wp-image-2313\" src=\"http:\/\/www.proholzlandwald.de\/bi\/wp-content\/uploads\/2023\/05\/z6-200x300.jpg\" alt=\"\" width=\"200\" height=\"300\" srcset=\"https:\/\/www.proholzlandwald.de\/bi\/wp-content\/uploads\/2023\/05\/z6-200x300.jpg 200w, https:\/\/www.proholzlandwald.de\/bi\/wp-content\/uploads\/2023\/05\/z6-687x1030.jpg 687w, https:\/\/www.proholzlandwald.de\/bi\/wp-content\/uploads\/2023\/05\/z6-768x1151.jpg 768w, https:\/\/www.proholzlandwald.de\/bi\/wp-content\/uploads\/2023\/05\/z6-1025x1536.jpg 1025w, https:\/\/www.proholzlandwald.de\/bi\/wp-content\/uploads\/2023\/05\/z6-1001x1500.jpg 1001w, https:\/\/www.proholzlandwald.de\/bi\/wp-content\/uploads\/2023\/05\/z6-470x705.jpg 470w, https:\/\/www.proholzlandwald.de\/bi\/wp-content\/uploads\/2023\/05\/z6.jpg 1280w\" sizes=\"(max-width: 200px) 100vw, 200px\" \/> <img loading=\"lazy\" decoding=\"async\" class=\"alignnone size-medium wp-image-2311\" src=\"http:\/\/www.proholzlandwald.de\/bi\/wp-content\/uploads\/2023\/05\/z4-200x300.jpg\" alt=\"\" width=\"200\" height=\"300\" srcset=\"https:\/\/www.proholzlandwald.de\/bi\/wp-content\/uploads\/2023\/05\/z4-200x300.jpg 200w, https:\/\/www.proholzlandwald.de\/bi\/wp-content\/uploads\/2023\/05\/z4-687x1030.jpg 687w, https:\/\/www.proholzlandwald.de\/bi\/wp-content\/uploads\/2023\/05\/z4-768x1151.jpg 768w, https:\/\/www.proholzlandwald.de\/bi\/wp-content\/uploads\/2023\/05\/z4-1025x1536.jpg 1025w, https:\/\/www.proholzlandwald.de\/bi\/wp-content\/uploads\/2023\/05\/z4-1001x1500.jpg 1001w, https:\/\/www.proholzlandwald.de\/bi\/wp-content\/uploads\/2023\/05\/z4-470x705.jpg 470w, https:\/\/www.proholzlandwald.de\/bi\/wp-content\/uploads\/2023\/05\/z4.jpg 1280w\" sizes=\"(max-width: 200px) 100vw, 200px\" \/>\u00a0\u00a0 <img loading=\"lazy\" decoding=\"async\" class=\"alignnone size-medium wp-image-2310\" src=\"http:\/\/www.proholzlandwald.de\/bi\/wp-content\/uploads\/2023\/05\/z3-300x200.jpg\" alt=\"\" width=\"300\" height=\"200\" srcset=\"https:\/\/www.proholzlandwald.de\/bi\/wp-content\/uploads\/2023\/05\/z3-300x200.jpg 300w, https:\/\/www.proholzlandwald.de\/bi\/wp-content\/uploads\/2023\/05\/z3-1030x687.jpg 1030w, https:\/\/www.proholzlandwald.de\/bi\/wp-content\/uploads\/2023\/05\/z3-768x512.jpg 768w, https:\/\/www.proholzlandwald.de\/bi\/wp-content\/uploads\/2023\/05\/z3-705x470.jpg 705w, https:\/\/www.proholzlandwald.de\/bi\/wp-content\/uploads\/2023\/05\/z3.jpg 1280w\" sizes=\"(max-width: 300px) 100vw, 300px\" \/><img loading=\"lazy\" decoding=\"async\" class=\"alignnone size-medium wp-image-2312\" src=\"http:\/\/www.proholzlandwald.de\/bi\/wp-content\/uploads\/2023\/05\/z5-300x200.jpg\" alt=\"\" width=\"300\" height=\"200\" srcset=\"https:\/\/www.proholzlandwald.de\/bi\/wp-content\/uploads\/2023\/05\/z5-300x200.jpg 300w, https:\/\/www.proholzlandwald.de\/bi\/wp-content\/uploads\/2023\/05\/z5-1030x687.jpg 1030w, https:\/\/www.proholzlandwald.de\/bi\/wp-content\/uploads\/2023\/05\/z5-768x512.jpg 768w, https:\/\/www.proholzlandwald.de\/bi\/wp-content\/uploads\/2023\/05\/z5-705x470.jpg 705w, https:\/\/www.proholzlandwald.de\/bi\/wp-content\/uploads\/2023\/05\/z5.jpg 1280w\" sizes=\"(max-width: 300px) 100vw, 300px\" \/><img loading=\"lazy\" decoding=\"async\" class=\"alignnone size-medium wp-image-2314\" src=\"http:\/\/www.proholzlandwald.de\/bi\/wp-content\/uploads\/2023\/05\/z7-300x200.jpg\" alt=\"\" width=\"300\" height=\"200\" srcset=\"https:\/\/www.proholzlandwald.de\/bi\/wp-content\/uploads\/2023\/05\/z7-300x200.jpg 300w, https:\/\/www.proholzlandwald.de\/bi\/wp-content\/uploads\/2023\/05\/z7-1030x687.jpg 1030w, https:\/\/www.proholzlandwald.de\/bi\/wp-content\/uploads\/2023\/05\/z7-768x512.jpg 768w, https:\/\/www.proholzlandwald.de\/bi\/wp-content\/uploads\/2023\/05\/z7-705x470.jpg 705w, https:\/\/www.proholzlandwald.de\/bi\/wp-content\/uploads\/2023\/05\/z7.jpg 1280w\" sizes=\"(max-width: 300px) 100vw, 300px\" \/><\/p>\n<p>Unweit der &#8220;Huhle&#8221;\u00a0 entstand 2016 unsere <a href=\"https:\/\/www.proholzlandwald.de\/bi\/baeume-statt-windraeder-unser-ostermarsch-zum-fruehlingsanfang\/\">Baumallee\u00a0 -&#8220;B\u00e4ume statt Windr\u00e4der&#8221;<\/a><\/p>\n","protected":false},"excerpt":{"rendered":"<p>Die Geschichte \u201eDe Huhle\u00a0 &#8211;\u00a0 \u00a0 Der hohle Weg\u201c Historisches: Auf diesem Wegabschnitt befindet sich ein historisches Teilst\u00fcck des R\u00fcdersdorfer Marktweges. Der Weg f\u00fchrt von R\u00fcdersdorf quer durch den Wald und kreuzt an der Landstra\u00dfe von Bad Klosterlausnitz nach Bad K\u00f6stritz die Tautenhainer Flur. Von dort aus f\u00fchrt er als Tautenhainer Marktweg geradewegs durch das [&hellip;]<\/p>\n","protected":false},"author":4,"featured_media":0,"parent":2063,"menu_order":0,"comment_status":"closed","ping_status":"closed","template":"","meta":{"footnotes":""},"yoast_head":"<!-- This site is optimized with the Yoast SEO plugin v22.3 - https:\/\/yoast.com\/wordpress\/plugins\/seo\/ -->\n<title>De Huhle - Der hohle Weg - ProHolzlandwald.de<\/title>\n<meta name=\"robots\" content=\"index, follow, max-snippet:-1, max-image-preview:large, max-video-preview:-1\" \/>\n<link rel=\"canonical\" href=\"https:\/\/www.proholzlandwald.de\/bi\/wandertafeln\/die-huhle-der-hohle-weg\/\" \/>\n<meta property=\"og:locale\" content=\"de_DE\" \/>\n<meta property=\"og:type\" content=\"article\" \/>\n<meta property=\"og:title\" content=\"De Huhle - Der hohle Weg - ProHolzlandwald.de\" \/>\n<meta property=\"og:description\" content=\"Die Geschichte \u201eDe Huhle\u00a0 &#8211;\u00a0 \u00a0 Der hohle Weg\u201c Historisches: Auf diesem Wegabschnitt befindet sich ein historisches Teilst\u00fcck des R\u00fcdersdorfer Marktweges. Der Weg f\u00fchrt von R\u00fcdersdorf quer durch den Wald und kreuzt an der Landstra\u00dfe von Bad Klosterlausnitz nach Bad K\u00f6stritz die Tautenhainer Flur. Von dort aus f\u00fchrt er als Tautenhainer Marktweg geradewegs durch das [&hellip;]\" \/>\n<meta property=\"og:url\" content=\"https:\/\/www.proholzlandwald.de\/bi\/wandertafeln\/die-huhle-der-hohle-weg\/\" \/>\n<meta property=\"og:site_name\" content=\"ProHolzlandwald.de\" \/>\n<meta property=\"article:modified_time\" content=\"2024-07-18T12:58:02+00:00\" \/>\n<meta property=\"og:image\" content=\"http:\/\/www.proholzlandwald.de\/bi\/wp-content\/uploads\/2022\/04\/N4-225x300.jpg\" \/>\n<meta name=\"twitter:card\" content=\"summary_large_image\" \/>\n<script type=\"application\/ld+json\" class=\"yoast-schema-graph\">{\"@context\":\"https:\/\/schema.org\",\"@graph\":[{\"@type\":\"WebPage\",\"@id\":\"https:\/\/www.proholzlandwald.de\/bi\/wandertafeln\/die-huhle-der-hohle-weg\/\",\"url\":\"https:\/\/www.proholzlandwald.de\/bi\/wandertafeln\/die-huhle-der-hohle-weg\/\",\"name\":\"De Huhle - Der hohle Weg - ProHolzlandwald.de\",\"isPartOf\":{\"@id\":\"https:\/\/www.proholzlandwald.de\/bi\/#website\"},\"primaryImageOfPage\":{\"@id\":\"https:\/\/www.proholzlandwald.de\/bi\/wandertafeln\/die-huhle-der-hohle-weg\/#primaryimage\"},\"image\":{\"@id\":\"https:\/\/www.proholzlandwald.de\/bi\/wandertafeln\/die-huhle-der-hohle-weg\/#primaryimage\"},\"thumbnailUrl\":\"http:\/\/www.proholzlandwald.de\/bi\/wp-content\/uploads\/2022\/04\/N4-225x300.jpg\",\"datePublished\":\"2022-02-07T15:53:02+00:00\",\"dateModified\":\"2024-07-18T12:58:02+00:00\",\"breadcrumb\":{\"@id\":\"https:\/\/www.proholzlandwald.de\/bi\/wandertafeln\/die-huhle-der-hohle-weg\/#breadcrumb\"},\"inLanguage\":\"de\",\"potentialAction\":[{\"@type\":\"ReadAction\",\"target\":[\"https:\/\/www.proholzlandwald.de\/bi\/wandertafeln\/die-huhle-der-hohle-weg\/\"]}]},{\"@type\":\"ImageObject\",\"inLanguage\":\"de\",\"@id\":\"https:\/\/www.proholzlandwald.de\/bi\/wandertafeln\/die-huhle-der-hohle-weg\/#primaryimage\",\"url\":\"https:\/\/www.proholzlandwald.de\/bi\/wp-content\/uploads\/2022\/04\/N4.jpg\",\"contentUrl\":\"https:\/\/www.proholzlandwald.de\/bi\/wp-content\/uploads\/2022\/04\/N4.jpg\",\"width\":653,\"height\":872},{\"@type\":\"BreadcrumbList\",\"@id\":\"https:\/\/www.proholzlandwald.de\/bi\/wandertafeln\/die-huhle-der-hohle-weg\/#breadcrumb\",\"itemListElement\":[{\"@type\":\"ListItem\",\"position\":1,\"name\":\"Startseite\",\"item\":\"https:\/\/www.proholzlandwald.de\/bi\/startseite-2\/\"},{\"@type\":\"ListItem\",\"position\":2,\"name\":\"Wandertafeln\",\"item\":\"https:\/\/www.proholzlandwald.de\/bi\/wandertafeln\/\"},{\"@type\":\"ListItem\",\"position\":3,\"name\":\"De Huhle &#8211; Der hohle Weg\"}]},{\"@type\":\"WebSite\",\"@id\":\"https:\/\/www.proholzlandwald.de\/bi\/#website\",\"url\":\"https:\/\/www.proholzlandwald.de\/bi\/\",\"name\":\"ProHolzlandwald.de\",\"description\":\"B\u00fcrgerinitiative ProHolzlandwald\",\"potentialAction\":[{\"@type\":\"SearchAction\",\"target\":{\"@type\":\"EntryPoint\",\"urlTemplate\":\"https:\/\/www.proholzlandwald.de\/bi\/?s={search_term_string}\"},\"query-input\":\"required name=search_term_string\"}],\"inLanguage\":\"de\"}]}<\/script>\n<!-- \/ Yoast SEO plugin. -->","yoast_head_json":{"title":"De Huhle - Der hohle Weg - ProHolzlandwald.de","robots":{"index":"index","follow":"follow","max-snippet":"max-snippet:-1","max-image-preview":"max-image-preview:large","max-video-preview":"max-video-preview:-1"},"canonical":"https:\/\/www.proholzlandwald.de\/bi\/wandertafeln\/die-huhle-der-hohle-weg\/","og_locale":"de_DE","og_type":"article","og_title":"De Huhle - Der hohle Weg - ProHolzlandwald.de","og_description":"Die Geschichte \u201eDe Huhle\u00a0 &#8211;\u00a0 \u00a0 Der hohle Weg\u201c Historisches: Auf diesem Wegabschnitt befindet sich ein historisches Teilst\u00fcck des R\u00fcdersdorfer Marktweges. Der Weg f\u00fchrt von R\u00fcdersdorf quer durch den Wald und kreuzt an der Landstra\u00dfe von Bad Klosterlausnitz nach Bad K\u00f6stritz die Tautenhainer Flur. Von dort aus f\u00fchrt er als Tautenhainer Marktweg geradewegs durch das [&hellip;]","og_url":"https:\/\/www.proholzlandwald.de\/bi\/wandertafeln\/die-huhle-der-hohle-weg\/","og_site_name":"ProHolzlandwald.de","article_modified_time":"2024-07-18T12:58:02+00:00","og_image":[{"url":"http:\/\/www.proholzlandwald.de\/bi\/wp-content\/uploads\/2022\/04\/N4-225x300.jpg"}],"twitter_card":"summary_large_image","schema":{"@context":"https:\/\/schema.org","@graph":[{"@type":"WebPage","@id":"https:\/\/www.proholzlandwald.de\/bi\/wandertafeln\/die-huhle-der-hohle-weg\/","url":"https:\/\/www.proholzlandwald.de\/bi\/wandertafeln\/die-huhle-der-hohle-weg\/","name":"De Huhle - Der hohle Weg - ProHolzlandwald.de","isPartOf":{"@id":"https:\/\/www.proholzlandwald.de\/bi\/#website"},"primaryImageOfPage":{"@id":"https:\/\/www.proholzlandwald.de\/bi\/wandertafeln\/die-huhle-der-hohle-weg\/#primaryimage"},"image":{"@id":"https:\/\/www.proholzlandwald.de\/bi\/wandertafeln\/die-huhle-der-hohle-weg\/#primaryimage"},"thumbnailUrl":"http:\/\/www.proholzlandwald.de\/bi\/wp-content\/uploads\/2022\/04\/N4-225x300.jpg","datePublished":"2022-02-07T15:53:02+00:00","dateModified":"2024-07-18T12:58:02+00:00","breadcrumb":{"@id":"https:\/\/www.proholzlandwald.de\/bi\/wandertafeln\/die-huhle-der-hohle-weg\/#breadcrumb"},"inLanguage":"de","potentialAction":[{"@type":"ReadAction","target":["https:\/\/www.proholzlandwald.de\/bi\/wandertafeln\/die-huhle-der-hohle-weg\/"]}]},{"@type":"ImageObject","inLanguage":"de","@id":"https:\/\/www.proholzlandwald.de\/bi\/wandertafeln\/die-huhle-der-hohle-weg\/#primaryimage","url":"https:\/\/www.proholzlandwald.de\/bi\/wp-content\/uploads\/2022\/04\/N4.jpg","contentUrl":"https:\/\/www.proholzlandwald.de\/bi\/wp-content\/uploads\/2022\/04\/N4.jpg","width":653,"height":872},{"@type":"BreadcrumbList","@id":"https:\/\/www.proholzlandwald.de\/bi\/wandertafeln\/die-huhle-der-hohle-weg\/#breadcrumb","itemListElement":[{"@type":"ListItem","position":1,"name":"Startseite","item":"https:\/\/www.proholzlandwald.de\/bi\/startseite-2\/"},{"@type":"ListItem","position":2,"name":"Wandertafeln","item":"https:\/\/www.proholzlandwald.de\/bi\/wandertafeln\/"},{"@type":"ListItem","position":3,"name":"De Huhle &#8211; Der hohle Weg"}]},{"@type":"WebSite","@id":"https:\/\/www.proholzlandwald.de\/bi\/#website","url":"https:\/\/www.proholzlandwald.de\/bi\/","name":"ProHolzlandwald.de","description":"B\u00fcrgerinitiative ProHolzlandwald","potentialAction":[{"@type":"SearchAction","target":{"@type":"EntryPoint","urlTemplate":"https:\/\/www.proholzlandwald.de\/bi\/?s={search_term_string}"},"query-input":"required name=search_term_string"}],"inLanguage":"de"}]}},"_links":{"self":[{"href":"https:\/\/www.proholzlandwald.de\/bi\/wp-json\/wp\/v2\/pages\/2105"}],"collection":[{"href":"https:\/\/www.proholzlandwald.de\/bi\/wp-json\/wp\/v2\/pages"}],"about":[{"href":"https:\/\/www.proholzlandwald.de\/bi\/wp-json\/wp\/v2\/types\/page"}],"author":[{"embeddable":true,"href":"https:\/\/www.proholzlandwald.de\/bi\/wp-json\/wp\/v2\/users\/4"}],"replies":[{"embeddable":true,"href":"https:\/\/www.proholzlandwald.de\/bi\/wp-json\/wp\/v2\/comments?post=2105"}],"version-history":[{"count":14,"href":"https:\/\/www.proholzlandwald.de\/bi\/wp-json\/wp\/v2\/pages\/2105\/revisions"}],"predecessor-version":[{"id":2408,"href":"https:\/\/www.proholzlandwald.de\/bi\/wp-json\/wp\/v2\/pages\/2105\/revisions\/2408"}],"up":[{"embeddable":true,"href":"https:\/\/www.proholzlandwald.de\/bi\/wp-json\/wp\/v2\/pages\/2063"}],"wp:attachment":[{"href":"https:\/\/www.proholzlandwald.de\/bi\/wp-json\/wp\/v2\/media?parent=2105"}],"curies":[{"name":"wp","href":"https:\/\/api.w.org\/{rel}","templated":true}]}}