{"id":2282,"date":"2023-01-20T15:42:17","date_gmt":"2023-01-20T14:42:17","guid":{"rendered":"https:\/\/www.proholzlandwald.de\/bi\/?page_id=2282"},"modified":"2024-07-18T14:58:17","modified_gmt":"2024-07-18T12:58:17","slug":"berthas-ruh","status":"publish","type":"page","link":"https:\/\/www.proholzlandwald.de\/bi\/wandertafeln\/berthas-ruh\/","title":{"rendered":"Berthas Ruh"},"content":{"rendered":"<p>Lied:<\/p>\n<p>Tautenhainer M\u00e4nnerchor &#8220;Hilaritas singt:<\/p>\n<p><em><strong>&#8220;Rumkaffee&#8221;<\/strong><\/em><\/p>\n<p><img loading=\"lazy\" decoding=\"async\" class=\"alignnone size-medium wp-image-2288\" src=\"http:\/\/www.proholzlandwald.de\/bi\/wp-content\/uploads\/2023\/01\/Rumkaffe-Bild-225x300.jpg\" alt=\"\" width=\"225\" height=\"300\" srcset=\"https:\/\/www.proholzlandwald.de\/bi\/wp-content\/uploads\/2023\/01\/Rumkaffe-Bild-225x300.jpg 225w, https:\/\/www.proholzlandwald.de\/bi\/wp-content\/uploads\/2023\/01\/Rumkaffe-Bild-773x1030.jpg 773w, https:\/\/www.proholzlandwald.de\/bi\/wp-content\/uploads\/2023\/01\/Rumkaffe-Bild-768x1024.jpg 768w, https:\/\/www.proholzlandwald.de\/bi\/wp-content\/uploads\/2023\/01\/Rumkaffe-Bild-1152x1536.jpg 1152w, https:\/\/www.proholzlandwald.de\/bi\/wp-content\/uploads\/2023\/01\/Rumkaffe-Bild-1125x1500.jpg 1125w, https:\/\/www.proholzlandwald.de\/bi\/wp-content\/uploads\/2023\/01\/Rumkaffe-Bild-529x705.jpg 529w, https:\/\/www.proholzlandwald.de\/bi\/wp-content\/uploads\/2023\/01\/Rumkaffe-Bild.jpg 1500w\" sizes=\"(max-width: 225px) 100vw, 225px\" \/><\/p>\n<!--[if lt IE 9]><script>document.createElement('audio');<\/script><![endif]-->\n<audio class=\"wp-audio-shortcode\" id=\"audio-2282-1\" preload=\"none\" style=\"width: 100%;\" controls=\"controls\"><source type=\"audio\/mpeg\" src=\"http:\/\/www.proholzlandwald.de\/bi\/wp-content\/uploads\/2023\/01\/Rumkaffee.mp3?_=1\" \/><a href=\"http:\/\/www.proholzlandwald.de\/bi\/wp-content\/uploads\/2023\/01\/Rumkaffee.mp3\">http:\/\/www.proholzlandwald.de\/bi\/wp-content\/uploads\/2023\/01\/Rumkaffee.mp3<\/a><\/audio>\n<p>&nbsp;<\/p>\n<p>Die <strong>&#8220;Tafelrunde&#8221; eine Initiativgruppe unseres Vereins<\/strong>&#8211; hat ihr Vorhaben vollendet- <strong>2 neue Wandertafeln<\/strong> stehen auf der kleinen Wanderrunde- s\u00fcdlich der Kanone.<\/p>\n<p>an Bertha\u00b4s Ruh und im Himmelsgrund <a href=\"https:\/\/www.proholzlandwald.de\/bi\/wandertafeln\/im-himmelsgrund\/\">(siehe weitere Seite)<\/a><\/p>\n<p><strong>Vielen DANK an Familie Jander<\/strong>\u00a0\u00a0 f\u00fcr das Aufstellen. <strong>Eine Bereicherung<\/strong> f\u00fcr unsere <strong>einheimischen Wanderer<\/strong> und die <strong>Tautenhainer G\u00e4ste<\/strong>&#8211; wo erf\u00e4hrt man sonst N\u00e4heres zur Geschichte unseres Ortes.<\/p>\n<p><img loading=\"lazy\" decoding=\"async\" class=\"alignnone size-medium wp-image-2346\" src=\"http:\/\/www.proholzlandwald.de\/bi\/wp-content\/uploads\/2024\/01\/f-169x300.jpg\" alt=\"\" width=\"169\" height=\"300\" srcset=\"https:\/\/www.proholzlandwald.de\/bi\/wp-content\/uploads\/2024\/01\/f-169x300.jpg 169w, https:\/\/www.proholzlandwald.de\/bi\/wp-content\/uploads\/2024\/01\/f-580x1030.jpg 580w, https:\/\/www.proholzlandwald.de\/bi\/wp-content\/uploads\/2024\/01\/f-768x1365.jpg 768w, https:\/\/www.proholzlandwald.de\/bi\/wp-content\/uploads\/2024\/01\/f-864x1536.jpg 864w, https:\/\/www.proholzlandwald.de\/bi\/wp-content\/uploads\/2024\/01\/f-844x1500.jpg 844w, https:\/\/www.proholzlandwald.de\/bi\/wp-content\/uploads\/2024\/01\/f-397x705.jpg 397w, https:\/\/www.proholzlandwald.de\/bi\/wp-content\/uploads\/2024\/01\/f.jpg 1024w\" sizes=\"(max-width: 169px) 100vw, 169px\" \/>\u00a0 <img loading=\"lazy\" decoding=\"async\" class=\"alignnone size-medium wp-image-2347\" src=\"http:\/\/www.proholzlandwald.de\/bi\/wp-content\/uploads\/2024\/01\/b-135x300.jpg\" alt=\"\" width=\"135\" height=\"300\" srcset=\"https:\/\/www.proholzlandwald.de\/bi\/wp-content\/uploads\/2024\/01\/b-135x300.jpg 135w, https:\/\/www.proholzlandwald.de\/bi\/wp-content\/uploads\/2024\/01\/b-464x1030.jpg 464w, https:\/\/www.proholzlandwald.de\/bi\/wp-content\/uploads\/2024\/01\/b-768x1706.jpg 768w, https:\/\/www.proholzlandwald.de\/bi\/wp-content\/uploads\/2024\/01\/b-692x1536.jpg 692w, https:\/\/www.proholzlandwald.de\/bi\/wp-content\/uploads\/2024\/01\/b-922x2048.jpg 922w, https:\/\/www.proholzlandwald.de\/bi\/wp-content\/uploads\/2024\/01\/b-675x1500.jpg 675w, https:\/\/www.proholzlandwald.de\/bi\/wp-content\/uploads\/2024\/01\/b-317x705.jpg 317w, https:\/\/www.proholzlandwald.de\/bi\/wp-content\/uploads\/2024\/01\/b.jpg 1024w\" sizes=\"(max-width: 135px) 100vw, 135px\" \/>\u00a0 <img loading=\"lazy\" decoding=\"async\" class=\"alignnone size-medium wp-image-2345\" src=\"http:\/\/www.proholzlandwald.de\/bi\/wp-content\/uploads\/2024\/01\/g-300x225.jpg\" alt=\"\" width=\"300\" height=\"225\" srcset=\"https:\/\/www.proholzlandwald.de\/bi\/wp-content\/uploads\/2024\/01\/g-300x225.jpg 300w, https:\/\/www.proholzlandwald.de\/bi\/wp-content\/uploads\/2024\/01\/g-768x576.jpg 768w, https:\/\/www.proholzlandwald.de\/bi\/wp-content\/uploads\/2024\/01\/g-705x529.jpg 705w, https:\/\/www.proholzlandwald.de\/bi\/wp-content\/uploads\/2024\/01\/g.jpg 1024w\" sizes=\"(max-width: 300px) 100vw, 300px\" \/><\/p>\n<p>Auch im Winter gibt die alte Bertha ein sch\u00f6nes Fotomotiv ab.<\/p>\n<p>Der <strong>QR Code<\/strong> zum Abspielen des Liedes &#8220;Rumkaffee&#8221; funktioniert auch bei K\u00e4lte. Nur den <strong>Rumkaffee<\/strong> muss sich jeder selbst mitbringen oder <strong>nach der Wanderung in der Kanone genie\u00dfen<\/strong>.<\/p>\n<p><img loading=\"lazy\" decoding=\"async\" class=\"alignnone size-medium wp-image-2348\" src=\"http:\/\/www.proholzlandwald.de\/bi\/wp-content\/uploads\/2024\/01\/Berta-winter-240x300.jpg\" alt=\"\" width=\"240\" height=\"300\" srcset=\"https:\/\/www.proholzlandwald.de\/bi\/wp-content\/uploads\/2024\/01\/Berta-winter-240x300.jpg 240w, https:\/\/www.proholzlandwald.de\/bi\/wp-content\/uploads\/2024\/01\/Berta-winter-823x1030.jpg 823w, https:\/\/www.proholzlandwald.de\/bi\/wp-content\/uploads\/2024\/01\/Berta-winter-768x961.jpg 768w, https:\/\/www.proholzlandwald.de\/bi\/wp-content\/uploads\/2024\/01\/Berta-winter-564x705.jpg 564w, https:\/\/www.proholzlandwald.de\/bi\/wp-content\/uploads\/2024\/01\/Berta-winter.jpg 1024w\" sizes=\"(max-width: 240px) 100vw, 240px\" \/><\/p>\n<p>&nbsp;<\/p>\n<p>&nbsp;<\/p>\n<p>Bildrechte Familie Jander, Jana S\u00f6rgel<\/p>\n<p>&nbsp;<\/p>\n","protected":false},"excerpt":{"rendered":"<p>Lied: Tautenhainer M\u00e4nnerchor &#8220;Hilaritas singt: &#8220;Rumkaffee&#8221; &nbsp; Die &#8220;Tafelrunde&#8221; eine Initiativgruppe unseres Vereins&#8211; hat ihr Vorhaben vollendet- 2 neue Wandertafeln stehen auf der kleinen Wanderrunde- s\u00fcdlich der Kanone. an Bertha\u00b4s Ruh und im Himmelsgrund (siehe weitere Seite) Vielen DANK an Familie Jander\u00a0\u00a0 f\u00fcr das Aufstellen. Eine Bereicherung f\u00fcr unsere einheimischen Wanderer und die Tautenhainer G\u00e4ste&#8211; [&hellip;]<\/p>\n","protected":false},"author":4,"featured_media":2345,"parent":2063,"menu_order":0,"comment_status":"closed","ping_status":"closed","template":"","meta":{"footnotes":""},"yoast_head":"<!-- This site is optimized with the Yoast SEO plugin v22.3 - https:\/\/yoast.com\/wordpress\/plugins\/seo\/ -->\n<title>Berthas Ruh - ProHolzlandwald.de<\/title>\n<meta name=\"robots\" content=\"index, follow, max-snippet:-1, max-image-preview:large, max-video-preview:-1\" \/>\n<link rel=\"canonical\" href=\"https:\/\/www.proholzlandwald.de\/bi\/wandertafeln\/berthas-ruh\/\" \/>\n<meta property=\"og:locale\" content=\"de_DE\" \/>\n<meta property=\"og:type\" content=\"article\" \/>\n<meta property=\"og:title\" content=\"Berthas Ruh - ProHolzlandwald.de\" \/>\n<meta property=\"og:description\" content=\"Lied: Tautenhainer M\u00e4nnerchor &#8220;Hilaritas singt: &#8220;Rumkaffee&#8221; &nbsp; Die &#8220;Tafelrunde&#8221; eine Initiativgruppe unseres Vereins&#8211; hat ihr Vorhaben vollendet- 2 neue Wandertafeln stehen auf der kleinen Wanderrunde- s\u00fcdlich der Kanone. an Bertha\u00b4s Ruh und im Himmelsgrund (siehe weitere Seite) Vielen DANK an Familie Jander\u00a0\u00a0 f\u00fcr das Aufstellen. Eine Bereicherung f\u00fcr unsere einheimischen Wanderer und die Tautenhainer G\u00e4ste&#8211; [&hellip;]\" \/>\n<meta property=\"og:url\" content=\"https:\/\/www.proholzlandwald.de\/bi\/wandertafeln\/berthas-ruh\/\" \/>\n<meta property=\"og:site_name\" content=\"ProHolzlandwald.de\" \/>\n<meta property=\"article:modified_time\" content=\"2024-07-18T12:58:17+00:00\" \/>\n<meta property=\"og:image\" content=\"http:\/\/www.proholzlandwald.de\/bi\/wp-content\/uploads\/2024\/01\/g.jpg\" \/>\n\t<meta property=\"og:image:width\" content=\"1024\" \/>\n\t<meta property=\"og:image:height\" content=\"768\" \/>\n\t<meta property=\"og:image:type\" content=\"image\/jpeg\" \/>\n<meta name=\"twitter:card\" content=\"summary_large_image\" \/>\n<script type=\"application\/ld+json\" class=\"yoast-schema-graph\">{\"@context\":\"https:\/\/schema.org\",\"@graph\":[{\"@type\":\"WebPage\",\"@id\":\"https:\/\/www.proholzlandwald.de\/bi\/wandertafeln\/berthas-ruh\/\",\"url\":\"https:\/\/www.proholzlandwald.de\/bi\/wandertafeln\/berthas-ruh\/\",\"name\":\"Berthas Ruh - ProHolzlandwald.de\",\"isPartOf\":{\"@id\":\"https:\/\/www.proholzlandwald.de\/bi\/#website\"},\"primaryImageOfPage\":{\"@id\":\"https:\/\/www.proholzlandwald.de\/bi\/wandertafeln\/berthas-ruh\/#primaryimage\"},\"image\":{\"@id\":\"https:\/\/www.proholzlandwald.de\/bi\/wandertafeln\/berthas-ruh\/#primaryimage\"},\"thumbnailUrl\":\"https:\/\/www.proholzlandwald.de\/bi\/wp-content\/uploads\/2024\/01\/g.jpg\",\"datePublished\":\"2023-01-20T14:42:17+00:00\",\"dateModified\":\"2024-07-18T12:58:17+00:00\",\"breadcrumb\":{\"@id\":\"https:\/\/www.proholzlandwald.de\/bi\/wandertafeln\/berthas-ruh\/#breadcrumb\"},\"inLanguage\":\"de\",\"potentialAction\":[{\"@type\":\"ReadAction\",\"target\":[\"https:\/\/www.proholzlandwald.de\/bi\/wandertafeln\/berthas-ruh\/\"]}]},{\"@type\":\"ImageObject\",\"inLanguage\":\"de\",\"@id\":\"https:\/\/www.proholzlandwald.de\/bi\/wandertafeln\/berthas-ruh\/#primaryimage\",\"url\":\"https:\/\/www.proholzlandwald.de\/bi\/wp-content\/uploads\/2024\/01\/g.jpg\",\"contentUrl\":\"https:\/\/www.proholzlandwald.de\/bi\/wp-content\/uploads\/2024\/01\/g.jpg\",\"width\":1024,\"height\":768},{\"@type\":\"BreadcrumbList\",\"@id\":\"https:\/\/www.proholzlandwald.de\/bi\/wandertafeln\/berthas-ruh\/#breadcrumb\",\"itemListElement\":[{\"@type\":\"ListItem\",\"position\":1,\"name\":\"Startseite\",\"item\":\"https:\/\/www.proholzlandwald.de\/bi\/startseite-2\/\"},{\"@type\":\"ListItem\",\"position\":2,\"name\":\"Wandertafeln\",\"item\":\"https:\/\/www.proholzlandwald.de\/bi\/wandertafeln\/\"},{\"@type\":\"ListItem\",\"position\":3,\"name\":\"Berthas Ruh\"}]},{\"@type\":\"WebSite\",\"@id\":\"https:\/\/www.proholzlandwald.de\/bi\/#website\",\"url\":\"https:\/\/www.proholzlandwald.de\/bi\/\",\"name\":\"ProHolzlandwald.de\",\"description\":\"B\u00fcrgerinitiative ProHolzlandwald\",\"potentialAction\":[{\"@type\":\"SearchAction\",\"target\":{\"@type\":\"EntryPoint\",\"urlTemplate\":\"https:\/\/www.proholzlandwald.de\/bi\/?s={search_term_string}\"},\"query-input\":\"required name=search_term_string\"}],\"inLanguage\":\"de\"}]}<\/script>\n<!-- \/ Yoast SEO plugin. -->","yoast_head_json":{"title":"Berthas Ruh - ProHolzlandwald.de","robots":{"index":"index","follow":"follow","max-snippet":"max-snippet:-1","max-image-preview":"max-image-preview:large","max-video-preview":"max-video-preview:-1"},"canonical":"https:\/\/www.proholzlandwald.de\/bi\/wandertafeln\/berthas-ruh\/","og_locale":"de_DE","og_type":"article","og_title":"Berthas Ruh - ProHolzlandwald.de","og_description":"Lied: Tautenhainer M\u00e4nnerchor &#8220;Hilaritas singt: &#8220;Rumkaffee&#8221; &nbsp; Die &#8220;Tafelrunde&#8221; eine Initiativgruppe unseres Vereins&#8211; hat ihr Vorhaben vollendet- 2 neue Wandertafeln stehen auf der kleinen Wanderrunde- s\u00fcdlich der Kanone. an Bertha\u00b4s Ruh und im Himmelsgrund (siehe weitere Seite) Vielen DANK an Familie Jander\u00a0\u00a0 f\u00fcr das Aufstellen. Eine Bereicherung f\u00fcr unsere einheimischen Wanderer und die Tautenhainer G\u00e4ste&#8211; [&hellip;]","og_url":"https:\/\/www.proholzlandwald.de\/bi\/wandertafeln\/berthas-ruh\/","og_site_name":"ProHolzlandwald.de","article_modified_time":"2024-07-18T12:58:17+00:00","og_image":[{"width":1024,"height":768,"url":"http:\/\/www.proholzlandwald.de\/bi\/wp-content\/uploads\/2024\/01\/g.jpg","type":"image\/jpeg"}],"twitter_card":"summary_large_image","schema":{"@context":"https:\/\/schema.org","@graph":[{"@type":"WebPage","@id":"https:\/\/www.proholzlandwald.de\/bi\/wandertafeln\/berthas-ruh\/","url":"https:\/\/www.proholzlandwald.de\/bi\/wandertafeln\/berthas-ruh\/","name":"Berthas Ruh - ProHolzlandwald.de","isPartOf":{"@id":"https:\/\/www.proholzlandwald.de\/bi\/#website"},"primaryImageOfPage":{"@id":"https:\/\/www.proholzlandwald.de\/bi\/wandertafeln\/berthas-ruh\/#primaryimage"},"image":{"@id":"https:\/\/www.proholzlandwald.de\/bi\/wandertafeln\/berthas-ruh\/#primaryimage"},"thumbnailUrl":"https:\/\/www.proholzlandwald.de\/bi\/wp-content\/uploads\/2024\/01\/g.jpg","datePublished":"2023-01-20T14:42:17+00:00","dateModified":"2024-07-18T12:58:17+00:00","breadcrumb":{"@id":"https:\/\/www.proholzlandwald.de\/bi\/wandertafeln\/berthas-ruh\/#breadcrumb"},"inLanguage":"de","potentialAction":[{"@type":"ReadAction","target":["https:\/\/www.proholzlandwald.de\/bi\/wandertafeln\/berthas-ruh\/"]}]},{"@type":"ImageObject","inLanguage":"de","@id":"https:\/\/www.proholzlandwald.de\/bi\/wandertafeln\/berthas-ruh\/#primaryimage","url":"https:\/\/www.proholzlandwald.de\/bi\/wp-content\/uploads\/2024\/01\/g.jpg","contentUrl":"https:\/\/www.proholzlandwald.de\/bi\/wp-content\/uploads\/2024\/01\/g.jpg","width":1024,"height":768},{"@type":"BreadcrumbList","@id":"https:\/\/www.proholzlandwald.de\/bi\/wandertafeln\/berthas-ruh\/#breadcrumb","itemListElement":[{"@type":"ListItem","position":1,"name":"Startseite","item":"https:\/\/www.proholzlandwald.de\/bi\/startseite-2\/"},{"@type":"ListItem","position":2,"name":"Wandertafeln","item":"https:\/\/www.proholzlandwald.de\/bi\/wandertafeln\/"},{"@type":"ListItem","position":3,"name":"Berthas Ruh"}]},{"@type":"WebSite","@id":"https:\/\/www.proholzlandwald.de\/bi\/#website","url":"https:\/\/www.proholzlandwald.de\/bi\/","name":"ProHolzlandwald.de","description":"B\u00fcrgerinitiative ProHolzlandwald","potentialAction":[{"@type":"SearchAction","target":{"@type":"EntryPoint","urlTemplate":"https:\/\/www.proholzlandwald.de\/bi\/?s={search_term_string}"},"query-input":"required name=search_term_string"}],"inLanguage":"de"}]}},"_links":{"self":[{"href":"https:\/\/www.proholzlandwald.de\/bi\/wp-json\/wp\/v2\/pages\/2282"}],"collection":[{"href":"https:\/\/www.proholzlandwald.de\/bi\/wp-json\/wp\/v2\/pages"}],"about":[{"href":"https:\/\/www.proholzlandwald.de\/bi\/wp-json\/wp\/v2\/types\/page"}],"author":[{"embeddable":true,"href":"https:\/\/www.proholzlandwald.de\/bi\/wp-json\/wp\/v2\/users\/4"}],"replies":[{"embeddable":true,"href":"https:\/\/www.proholzlandwald.de\/bi\/wp-json\/wp\/v2\/comments?post=2282"}],"version-history":[{"count":11,"href":"https:\/\/www.proholzlandwald.de\/bi\/wp-json\/wp\/v2\/pages\/2282\/revisions"}],"predecessor-version":[{"id":2410,"href":"https:\/\/www.proholzlandwald.de\/bi\/wp-json\/wp\/v2\/pages\/2282\/revisions\/2410"}],"up":[{"embeddable":true,"href":"https:\/\/www.proholzlandwald.de\/bi\/wp-json\/wp\/v2\/pages\/2063"}],"wp:featuredmedia":[{"embeddable":true,"href":"https:\/\/www.proholzlandwald.de\/bi\/wp-json\/wp\/v2\/media\/2345"}],"wp:attachment":[{"href":"https:\/\/www.proholzlandwald.de\/bi\/wp-json\/wp\/v2\/media?parent=2282"}],"curies":[{"name":"wp","href":"https:\/\/api.w.org\/{rel}","templated":true}]}}