{"id":2423,"date":"2024-07-18T15:56:29","date_gmt":"2024-07-18T13:56:29","guid":{"rendered":"https:\/\/www.proholzlandwald.de\/bi\/?page_id=2423"},"modified":"2025-02-08T14:32:02","modified_gmt":"2025-02-08T13:32:02","slug":"tragsheem","status":"publish","type":"page","link":"https:\/\/www.proholzlandwald.de\/bi\/wandertafeln\/tragsheem\/","title":{"rendered":"Tragsheem"},"content":{"rendered":"<p><em><span class=\"fontstyle0\">M\u00e4ne Enkel humm s&#8217;ch beschw\u00e4rt, ich t\u00e4te immer so altmodsch gooche.<\/span><\/em><\/p>\n<p><em><span class=\"fontstyle0\">Ne ja, do sitzen\u00b4se Nochmittche vor&#8217;m Ferns\u00e4her, do kimmt ene Goochsendung noch dr annern, do<\/span><\/em><\/p>\n<p><span class=\"fontstyle0\"><em>werd es Fleesch &#8230;<\/em> <\/span><\/p>\n<p>&nbsp;<\/p>\n<p>zum Originalton\u00a0 die Tondatei starten<\/p>\n<p>&nbsp;<\/p>\n<p><strong>&#8220;Das Kochbuch&#8221;<\/strong> &#8211;<strong>in Mundart<\/strong> gesprochen von einer Tautenhainerin:<\/p>\n<!--[if lt IE 9]><script>document.createElement('audio');<\/script><![endif]-->\n<audio class=\"wp-audio-shortcode\" id=\"audio-2423-1\" preload=\"none\" style=\"width: 100%;\" controls=\"controls\"><source type=\"audio\/mpeg\" src=\"http:\/\/www.proholzlandwald.de\/bi\/wp-content\/uploads\/2024\/07\/Das-Kochbuch_original.mp3?_=1\" \/><a href=\"http:\/\/www.proholzlandwald.de\/bi\/wp-content\/uploads\/2024\/07\/Das-Kochbuch_original.mp3\">http:\/\/www.proholzlandwald.de\/bi\/wp-content\/uploads\/2024\/07\/Das-Kochbuch_original.mp3<\/a><\/audio>\n<p>&nbsp;<\/p>\n<p>Die &#8220;\u00dcbersetzung ins <strong>Hochdeutsche<\/strong><\/p>\n<audio class=\"wp-audio-shortcode\" id=\"audio-2423-2\" preload=\"none\" style=\"width: 100%;\" controls=\"controls\"><source type=\"audio\/mpeg\" src=\"http:\/\/www.proholzlandwald.de\/bi\/wp-content\/uploads\/2024\/07\/Das-Kochbuch-Hochdeutsch.mp3?_=2\" \/><a href=\"http:\/\/www.proholzlandwald.de\/bi\/wp-content\/uploads\/2024\/07\/Das-Kochbuch-Hochdeutsch.mp3\">http:\/\/www.proholzlandwald.de\/bi\/wp-content\/uploads\/2024\/07\/Das-Kochbuch-Hochdeutsch.mp3<\/a><\/audio>\n<p>&nbsp;<\/p>\n<p><img loading=\"lazy\" decoding=\"async\" class=\"wp-image-2427 alignleft\" src=\"http:\/\/www.proholzlandwald.de\/bi\/wp-content\/uploads\/2024\/07\/Duerer-Holzsammler-223x300.jpg\" alt=\"\" width=\"487\" height=\"656\" \/><\/p>\n<p>Der Ortsteil \u201eTragsheem\u201c, gebl\u00e4ttert in der Ortschronik&#8230;<\/p>\n<p>Das Leben in unserer Gegend ist seit fr\u00fcher Zeit mit dem Walde eng verbunden. Das wird an vielen Namen deutlich, nicht zuletzt an dem unseres Landstrichs-Das Holzland. Dar\u00fcber geben uns ebenfalls Sagen unserer Vorfahren Auskunft.<\/p>\n<p>Da liegen am oberen Ende unseres Dorfes Tautenhain, etwa zwischen der heutigen Landstra\u00dfe und dem ehemaligen Forsthaus sowie dem Gasthaus \u201eZur Kanone\u201c und unserem jetzigen Standort, nicht weit vom Walde entfernt, dessen erste Tannen sich stolz und gr\u00fcn zum Himmel erheben,, eine Anzahl H\u00e4user, die nennt man hier zu Lande, sowie die ganze Gegend in der sie stehen, den Tragsheem. oder Traxheim. Mit diesem Namen hat es folgende Bewandnis:<\/p>\n<p>Die Lage dieser H\u00e4user so dicht am Walde war nat\u00fcrlich wie dazu beschaffen, sich so gegen Abend, wenn es dunkel ward, ein B\u00e4umchen oder St\u00e4mmchen oder etwas Brennholz f\u00fcr den Winter, ohne erst danach zu fragen, wieviel es koste, nach Hause zu tragen.<\/p>\n<p>Das m\u00f6gen nun Wohl in guter, alter Zeit die Bewohner jener H\u00e4user zum \u00c4rger der Forstbeamten getan und sich kein gro\u00dfes Gewissen daraus gemacht haben,weil ja der B\u00e4ume noch so viele drau\u00dfen standen im gr\u00fcnen Walde.<\/p>\n<p>Das Volk aber, dessen Witz und Spott treffend und bei\u00dfend ist, wie die stechenden Nadeln der Holzlandtannen, nannten bald jene Waldh\u00e4user und die ganze Gegend um sie herum, weil sie gewisserma\u00dfen ihre Bewohner selbst zum <em>Heimtragen <\/em>des Holzes und aller anderen Dinge, die man im Walde so findet, auffordeten, den Tragsheim oder Traxheem, und der Name ist ihnen bis heute geblieben.<\/p>\n<table style=\"height: 13px;\" width=\"1495\">\n<tbody>\n<tr>\n<td width=\"242\"><\/td>\n<\/tr>\n<tr>\n<td><\/td>\n<td><\/td>\n<\/tr>\n<\/tbody>\n<\/table>\n<p>&nbsp;<\/p>\n","protected":false},"excerpt":{"rendered":"<p>M\u00e4ne Enkel humm s&#8217;ch beschw\u00e4rt, ich t\u00e4te immer so altmodsch gooche. Ne ja, do sitzen\u00b4se Nochmittche vor&#8217;m Ferns\u00e4her, do kimmt ene Goochsendung noch dr annern, do werd es Fleesch &#8230; &nbsp; zum Originalton\u00a0 die Tondatei starten &nbsp; &#8220;Das Kochbuch&#8221; &#8211;in Mundart gesprochen von einer Tautenhainerin: &nbsp; Die &#8220;\u00dcbersetzung ins Hochdeutsche &nbsp; Der Ortsteil \u201eTragsheem\u201c, gebl\u00e4ttert [&hellip;]<\/p>\n","protected":false},"author":4,"featured_media":0,"parent":2063,"menu_order":0,"comment_status":"closed","ping_status":"closed","template":"","meta":{"footnotes":""},"yoast_head":"<!-- This site is optimized with the Yoast SEO plugin v22.3 - https:\/\/yoast.com\/wordpress\/plugins\/seo\/ -->\n<title>Tragsheem - ProHolzlandwald.de<\/title>\n<meta name=\"robots\" content=\"index, follow, max-snippet:-1, max-image-preview:large, max-video-preview:-1\" \/>\n<link rel=\"canonical\" href=\"https:\/\/www.proholzlandwald.de\/bi\/wandertafeln\/tragsheem\/\" \/>\n<meta property=\"og:locale\" content=\"de_DE\" \/>\n<meta property=\"og:type\" content=\"article\" \/>\n<meta property=\"og:title\" content=\"Tragsheem - ProHolzlandwald.de\" \/>\n<meta property=\"og:description\" content=\"M\u00e4ne Enkel humm s&#8217;ch beschw\u00e4rt, ich t\u00e4te immer so altmodsch gooche. Ne ja, do sitzen\u00b4se Nochmittche vor&#8217;m Ferns\u00e4her, do kimmt ene Goochsendung noch dr annern, do werd es Fleesch &#8230; &nbsp; zum Originalton\u00a0 die Tondatei starten &nbsp; &#8220;Das Kochbuch&#8221; &#8211;in Mundart gesprochen von einer Tautenhainerin: &nbsp; Die &#8220;\u00dcbersetzung ins Hochdeutsche &nbsp; Der Ortsteil \u201eTragsheem\u201c, gebl\u00e4ttert [&hellip;]\" \/>\n<meta property=\"og:url\" content=\"https:\/\/www.proholzlandwald.de\/bi\/wandertafeln\/tragsheem\/\" \/>\n<meta property=\"og:site_name\" content=\"ProHolzlandwald.de\" \/>\n<meta property=\"article:modified_time\" content=\"2025-02-08T13:32:02+00:00\" \/>\n<meta property=\"og:image\" content=\"http:\/\/www.proholzlandwald.de\/bi\/wp-content\/uploads\/2024\/07\/Duerer-Holzsammler-223x300.jpg\" \/>\n<meta name=\"twitter:card\" content=\"summary_large_image\" \/>\n<script type=\"application\/ld+json\" class=\"yoast-schema-graph\">{\"@context\":\"https:\/\/schema.org\",\"@graph\":[{\"@type\":\"WebPage\",\"@id\":\"https:\/\/www.proholzlandwald.de\/bi\/wandertafeln\/tragsheem\/\",\"url\":\"https:\/\/www.proholzlandwald.de\/bi\/wandertafeln\/tragsheem\/\",\"name\":\"Tragsheem - ProHolzlandwald.de\",\"isPartOf\":{\"@id\":\"https:\/\/www.proholzlandwald.de\/bi\/#website\"},\"primaryImageOfPage\":{\"@id\":\"https:\/\/www.proholzlandwald.de\/bi\/wandertafeln\/tragsheem\/#primaryimage\"},\"image\":{\"@id\":\"https:\/\/www.proholzlandwald.de\/bi\/wandertafeln\/tragsheem\/#primaryimage\"},\"thumbnailUrl\":\"http:\/\/www.proholzlandwald.de\/bi\/wp-content\/uploads\/2024\/07\/Duerer-Holzsammler-223x300.jpg\",\"datePublished\":\"2024-07-18T13:56:29+00:00\",\"dateModified\":\"2025-02-08T13:32:02+00:00\",\"breadcrumb\":{\"@id\":\"https:\/\/www.proholzlandwald.de\/bi\/wandertafeln\/tragsheem\/#breadcrumb\"},\"inLanguage\":\"de\",\"potentialAction\":[{\"@type\":\"ReadAction\",\"target\":[\"https:\/\/www.proholzlandwald.de\/bi\/wandertafeln\/tragsheem\/\"]}]},{\"@type\":\"ImageObject\",\"inLanguage\":\"de\",\"@id\":\"https:\/\/www.proholzlandwald.de\/bi\/wandertafeln\/tragsheem\/#primaryimage\",\"url\":\"https:\/\/www.proholzlandwald.de\/bi\/wp-content\/uploads\/2024\/07\/Duerer-Holzsammler.jpg\",\"contentUrl\":\"https:\/\/www.proholzlandwald.de\/bi\/wp-content\/uploads\/2024\/07\/Duerer-Holzsammler.jpg\",\"width\":1035,\"height\":1390},{\"@type\":\"BreadcrumbList\",\"@id\":\"https:\/\/www.proholzlandwald.de\/bi\/wandertafeln\/tragsheem\/#breadcrumb\",\"itemListElement\":[{\"@type\":\"ListItem\",\"position\":1,\"name\":\"Startseite\",\"item\":\"https:\/\/www.proholzlandwald.de\/bi\/startseite-2\/\"},{\"@type\":\"ListItem\",\"position\":2,\"name\":\"Wandertafeln\",\"item\":\"https:\/\/www.proholzlandwald.de\/bi\/wandertafeln\/\"},{\"@type\":\"ListItem\",\"position\":3,\"name\":\"Tragsheem\"}]},{\"@type\":\"WebSite\",\"@id\":\"https:\/\/www.proholzlandwald.de\/bi\/#website\",\"url\":\"https:\/\/www.proholzlandwald.de\/bi\/\",\"name\":\"ProHolzlandwald.de\",\"description\":\"B\u00fcrgerinitiative ProHolzlandwald\",\"potentialAction\":[{\"@type\":\"SearchAction\",\"target\":{\"@type\":\"EntryPoint\",\"urlTemplate\":\"https:\/\/www.proholzlandwald.de\/bi\/?s={search_term_string}\"},\"query-input\":\"required name=search_term_string\"}],\"inLanguage\":\"de\"}]}<\/script>\n<!-- \/ Yoast SEO plugin. -->","yoast_head_json":{"title":"Tragsheem - ProHolzlandwald.de","robots":{"index":"index","follow":"follow","max-snippet":"max-snippet:-1","max-image-preview":"max-image-preview:large","max-video-preview":"max-video-preview:-1"},"canonical":"https:\/\/www.proholzlandwald.de\/bi\/wandertafeln\/tragsheem\/","og_locale":"de_DE","og_type":"article","og_title":"Tragsheem - ProHolzlandwald.de","og_description":"M\u00e4ne Enkel humm s&#8217;ch beschw\u00e4rt, ich t\u00e4te immer so altmodsch gooche. Ne ja, do sitzen\u00b4se Nochmittche vor&#8217;m Ferns\u00e4her, do kimmt ene Goochsendung noch dr annern, do werd es Fleesch &#8230; &nbsp; zum Originalton\u00a0 die Tondatei starten &nbsp; &#8220;Das Kochbuch&#8221; &#8211;in Mundart gesprochen von einer Tautenhainerin: &nbsp; Die &#8220;\u00dcbersetzung ins Hochdeutsche &nbsp; Der Ortsteil \u201eTragsheem\u201c, gebl\u00e4ttert [&hellip;]","og_url":"https:\/\/www.proholzlandwald.de\/bi\/wandertafeln\/tragsheem\/","og_site_name":"ProHolzlandwald.de","article_modified_time":"2025-02-08T13:32:02+00:00","og_image":[{"url":"http:\/\/www.proholzlandwald.de\/bi\/wp-content\/uploads\/2024\/07\/Duerer-Holzsammler-223x300.jpg"}],"twitter_card":"summary_large_image","schema":{"@context":"https:\/\/schema.org","@graph":[{"@type":"WebPage","@id":"https:\/\/www.proholzlandwald.de\/bi\/wandertafeln\/tragsheem\/","url":"https:\/\/www.proholzlandwald.de\/bi\/wandertafeln\/tragsheem\/","name":"Tragsheem - ProHolzlandwald.de","isPartOf":{"@id":"https:\/\/www.proholzlandwald.de\/bi\/#website"},"primaryImageOfPage":{"@id":"https:\/\/www.proholzlandwald.de\/bi\/wandertafeln\/tragsheem\/#primaryimage"},"image":{"@id":"https:\/\/www.proholzlandwald.de\/bi\/wandertafeln\/tragsheem\/#primaryimage"},"thumbnailUrl":"http:\/\/www.proholzlandwald.de\/bi\/wp-content\/uploads\/2024\/07\/Duerer-Holzsammler-223x300.jpg","datePublished":"2024-07-18T13:56:29+00:00","dateModified":"2025-02-08T13:32:02+00:00","breadcrumb":{"@id":"https:\/\/www.proholzlandwald.de\/bi\/wandertafeln\/tragsheem\/#breadcrumb"},"inLanguage":"de","potentialAction":[{"@type":"ReadAction","target":["https:\/\/www.proholzlandwald.de\/bi\/wandertafeln\/tragsheem\/"]}]},{"@type":"ImageObject","inLanguage":"de","@id":"https:\/\/www.proholzlandwald.de\/bi\/wandertafeln\/tragsheem\/#primaryimage","url":"https:\/\/www.proholzlandwald.de\/bi\/wp-content\/uploads\/2024\/07\/Duerer-Holzsammler.jpg","contentUrl":"https:\/\/www.proholzlandwald.de\/bi\/wp-content\/uploads\/2024\/07\/Duerer-Holzsammler.jpg","width":1035,"height":1390},{"@type":"BreadcrumbList","@id":"https:\/\/www.proholzlandwald.de\/bi\/wandertafeln\/tragsheem\/#breadcrumb","itemListElement":[{"@type":"ListItem","position":1,"name":"Startseite","item":"https:\/\/www.proholzlandwald.de\/bi\/startseite-2\/"},{"@type":"ListItem","position":2,"name":"Wandertafeln","item":"https:\/\/www.proholzlandwald.de\/bi\/wandertafeln\/"},{"@type":"ListItem","position":3,"name":"Tragsheem"}]},{"@type":"WebSite","@id":"https:\/\/www.proholzlandwald.de\/bi\/#website","url":"https:\/\/www.proholzlandwald.de\/bi\/","name":"ProHolzlandwald.de","description":"B\u00fcrgerinitiative ProHolzlandwald","potentialAction":[{"@type":"SearchAction","target":{"@type":"EntryPoint","urlTemplate":"https:\/\/www.proholzlandwald.de\/bi\/?s={search_term_string}"},"query-input":"required name=search_term_string"}],"inLanguage":"de"}]}},"_links":{"self":[{"href":"https:\/\/www.proholzlandwald.de\/bi\/wp-json\/wp\/v2\/pages\/2423"}],"collection":[{"href":"https:\/\/www.proholzlandwald.de\/bi\/wp-json\/wp\/v2\/pages"}],"about":[{"href":"https:\/\/www.proholzlandwald.de\/bi\/wp-json\/wp\/v2\/types\/page"}],"author":[{"embeddable":true,"href":"https:\/\/www.proholzlandwald.de\/bi\/wp-json\/wp\/v2\/users\/4"}],"replies":[{"embeddable":true,"href":"https:\/\/www.proholzlandwald.de\/bi\/wp-json\/wp\/v2\/comments?post=2423"}],"version-history":[{"count":5,"href":"https:\/\/www.proholzlandwald.de\/bi\/wp-json\/wp\/v2\/pages\/2423\/revisions"}],"predecessor-version":[{"id":2633,"href":"https:\/\/www.proholzlandwald.de\/bi\/wp-json\/wp\/v2\/pages\/2423\/revisions\/2633"}],"up":[{"embeddable":true,"href":"https:\/\/www.proholzlandwald.de\/bi\/wp-json\/wp\/v2\/pages\/2063"}],"wp:attachment":[{"href":"https:\/\/www.proholzlandwald.de\/bi\/wp-json\/wp\/v2\/media?parent=2423"}],"curies":[{"name":"wp","href":"https:\/\/api.w.org\/{rel}","templated":true}]}}