{"id":2435,"date":"2024-07-18T16:09:47","date_gmt":"2024-07-18T14:09:47","guid":{"rendered":"https:\/\/www.proholzlandwald.de\/bi\/?page_id=2435"},"modified":"2025-02-08T14:30:51","modified_gmt":"2025-02-08T13:30:51","slug":"werners-ruh-und-maibaumsetzen","status":"publish","type":"page","link":"https:\/\/www.proholzlandwald.de\/bi\/wandertafeln\/werners-ruh-und-maibaumsetzen\/","title":{"rendered":"Werner\u00b4s Ruh und Maibaumsetzen"},"content":{"rendered":"<h4><strong>Lieder vom<a href=\"http:\/\/www.musikverein-tautenhain.de\/kontakt\/\"> Tautenhainer Musikverein<\/a> h\u00f6rt ihr hier in einer kleinen Kostprobe:<\/strong><\/h4>\n<p>&nbsp;<\/p>\n<p>Genie\u00df das Leben jeden Tag<\/p>\n<!--[if lt IE 9]><script>document.createElement('audio');<\/script><![endif]-->\n<audio class=\"wp-audio-shortcode\" id=\"audio-2435-1\" preload=\"none\" style=\"width: 100%;\" controls=\"controls\"><source type=\"audio\/mpeg\" src=\"http:\/\/www.proholzlandwald.de\/bi\/wp-content\/uploads\/2024\/11\/Geniess-den-Leben-jeden-Tag.mp3?_=1\" \/><a href=\"http:\/\/www.proholzlandwald.de\/bi\/wp-content\/uploads\/2024\/11\/Geniess-den-Leben-jeden-Tag.mp3\">http:\/\/www.proholzlandwald.de\/bi\/wp-content\/uploads\/2024\/11\/Geniess-den-Leben-jeden-Tag.mp3<\/a><\/audio>\n<p>&nbsp;<\/p>\n<p>Dem Land Tirol die Treue halten<\/p>\n<audio class=\"wp-audio-shortcode\" id=\"audio-2435-2\" preload=\"none\" style=\"width: 100%;\" controls=\"controls\"><source type=\"audio\/mpeg\" src=\"http:\/\/www.proholzlandwald.de\/bi\/wp-content\/uploads\/2024\/11\/Dem-Land-Tirol-die-Treue-halten.mp3?_=2\" \/><a href=\"http:\/\/www.proholzlandwald.de\/bi\/wp-content\/uploads\/2024\/11\/Dem-Land-Tirol-die-Treue-halten.mp3\">http:\/\/www.proholzlandwald.de\/bi\/wp-content\/uploads\/2024\/11\/Dem-Land-Tirol-die-Treue-halten.mp3<\/a><\/audio>\n<p>&nbsp;<\/p>\n<p>Th\u00fcringer Musikantenpolka<\/p>\n<audio class=\"wp-audio-shortcode\" id=\"audio-2435-3\" preload=\"none\" style=\"width: 100%;\" controls=\"controls\"><source type=\"audio\/mpeg\" src=\"http:\/\/www.proholzlandwald.de\/bi\/wp-content\/uploads\/2024\/11\/Thueringer-Musikantenpolka.mp3?_=3\" \/><a href=\"http:\/\/www.proholzlandwald.de\/bi\/wp-content\/uploads\/2024\/11\/Thueringer-Musikantenpolka.mp3\">http:\/\/www.proholzlandwald.de\/bi\/wp-content\/uploads\/2024\/11\/Thueringer-Musikantenpolka.mp3<\/a><\/audio>\n<p>&nbsp;<\/p>\n<p>Hey-Jude<\/p>\n<audio class=\"wp-audio-shortcode\" id=\"audio-2435-4\" preload=\"none\" style=\"width: 100%;\" controls=\"controls\"><source type=\"audio\/mpeg\" src=\"http:\/\/www.proholzlandwald.de\/bi\/wp-content\/uploads\/2024\/11\/Hey-Jude.mp3?_=4\" \/><a href=\"http:\/\/www.proholzlandwald.de\/bi\/wp-content\/uploads\/2024\/11\/Hey-Jude.mp3\">http:\/\/www.proholzlandwald.de\/bi\/wp-content\/uploads\/2024\/11\/Hey-Jude.mp3<\/a><\/audio>\n<p>&nbsp;<\/p>\n<p>&nbsp;<\/p>\n<p>&nbsp;<\/p>\n<h2><a href=\"https:\/\/www.maibaumsetzen.de\/\">Maimbaumsetzen in Tautenhain<\/a><\/h2>\n<p>&nbsp;<\/p>\n<h4>Ein Kurzvideo gibt einen kleinen Einblick in unsere Tradition des Maibaumsetzens- immer am Pfingstsonntag<\/h4>\n<div style=\"width: 720px;\" class=\"wp-video\"><!--[if lt IE 9]><script>document.createElement('video');<\/script><![endif]-->\n<video class=\"wp-video-shortcode\" id=\"video-2435-1\" width=\"720\" height=\"720\" preload=\"metadata\" controls=\"controls\"><source type=\"video\/mp4\" src=\"http:\/\/www.proholzlandwald.de\/bi\/wp-content\/uploads\/2024\/11\/Maibaum-Tradition.mp4?_=1\" \/><a href=\"http:\/\/www.proholzlandwald.de\/bi\/wp-content\/uploads\/2024\/11\/Maibaum-Tradition.mp4\">http:\/\/www.proholzlandwald.de\/bi\/wp-content\/uploads\/2024\/11\/Maibaum-Tradition.mp4<\/a><\/video><\/div>\n<p><img loading=\"lazy\" decoding=\"async\" class=\"alignnone wp-image-2436\" src=\"http:\/\/www.proholzlandwald.de\/bi\/wp-content\/uploads\/2024\/07\/Maibaumsetzen-Bild-225x300.jpg\" alt=\"\" width=\"473\" height=\"631\" srcset=\"https:\/\/www.proholzlandwald.de\/bi\/wp-content\/uploads\/2024\/07\/Maibaumsetzen-Bild-225x300.jpg 225w, https:\/\/www.proholzlandwald.de\/bi\/wp-content\/uploads\/2024\/07\/Maibaumsetzen-Bild-771x1030.jpg 771w, https:\/\/www.proholzlandwald.de\/bi\/wp-content\/uploads\/2024\/07\/Maibaumsetzen-Bild-768x1026.jpg 768w, https:\/\/www.proholzlandwald.de\/bi\/wp-content\/uploads\/2024\/07\/Maibaumsetzen-Bild-1150x1536.jpg 1150w, https:\/\/www.proholzlandwald.de\/bi\/wp-content\/uploads\/2024\/07\/Maibaumsetzen-Bild-1123x1500.jpg 1123w, https:\/\/www.proholzlandwald.de\/bi\/wp-content\/uploads\/2024\/07\/Maibaumsetzen-Bild-528x705.jpg 528w, https:\/\/www.proholzlandwald.de\/bi\/wp-content\/uploads\/2024\/07\/Maibaumsetzen-Bild.jpg 1352w\" sizes=\"(max-width: 473px) 100vw, 473px\" \/><\/p>\n","protected":false},"excerpt":{"rendered":"<p>Lieder vom Tautenhainer Musikverein h\u00f6rt ihr hier in einer kleinen Kostprobe: &nbsp; Genie\u00df das Leben jeden Tag &nbsp; Dem Land Tirol die Treue halten &nbsp; Th\u00fcringer Musikantenpolka &nbsp; Hey-Jude &nbsp; &nbsp; &nbsp; Maimbaumsetzen in Tautenhain &nbsp; Ein Kurzvideo gibt einen kleinen Einblick in unsere Tradition des Maibaumsetzens- immer am Pfingstsonntag<\/p>\n","protected":false},"author":4,"featured_media":0,"parent":2063,"menu_order":0,"comment_status":"closed","ping_status":"closed","template":"","meta":{"footnotes":""},"yoast_head":"<!-- This site is optimized with the Yoast SEO plugin v22.3 - https:\/\/yoast.com\/wordpress\/plugins\/seo\/ -->\n<title>Werner\u00b4s Ruh und Maibaumsetzen - ProHolzlandwald.de<\/title>\n<meta name=\"robots\" content=\"index, follow, max-snippet:-1, max-image-preview:large, max-video-preview:-1\" \/>\n<link rel=\"canonical\" href=\"https:\/\/www.proholzlandwald.de\/bi\/wandertafeln\/werners-ruh-und-maibaumsetzen\/\" \/>\n<meta property=\"og:locale\" content=\"de_DE\" \/>\n<meta property=\"og:type\" content=\"article\" \/>\n<meta property=\"og:title\" content=\"Werner\u00b4s Ruh und Maibaumsetzen - ProHolzlandwald.de\" \/>\n<meta property=\"og:description\" content=\"Lieder vom Tautenhainer Musikverein h\u00f6rt ihr hier in einer kleinen Kostprobe: &nbsp; Genie\u00df das Leben jeden Tag &nbsp; Dem Land Tirol die Treue halten &nbsp; Th\u00fcringer Musikantenpolka &nbsp; Hey-Jude &nbsp; &nbsp; &nbsp; Maimbaumsetzen in Tautenhain &nbsp; Ein Kurzvideo gibt einen kleinen Einblick in unsere Tradition des Maibaumsetzens- immer am Pfingstsonntag\" \/>\n<meta property=\"og:url\" content=\"https:\/\/www.proholzlandwald.de\/bi\/wandertafeln\/werners-ruh-und-maibaumsetzen\/\" \/>\n<meta property=\"og:site_name\" content=\"ProHolzlandwald.de\" \/>\n<meta property=\"article:modified_time\" content=\"2025-02-08T13:30:51+00:00\" \/>\n<meta property=\"og:image\" content=\"http:\/\/www.proholzlandwald.de\/bi\/wp-content\/uploads\/2024\/07\/Maibaumsetzen-Bild-225x300.jpg\" \/>\n<meta name=\"twitter:card\" content=\"summary_large_image\" \/>\n<script type=\"application\/ld+json\" class=\"yoast-schema-graph\">{\"@context\":\"https:\/\/schema.org\",\"@graph\":[{\"@type\":\"WebPage\",\"@id\":\"https:\/\/www.proholzlandwald.de\/bi\/wandertafeln\/werners-ruh-und-maibaumsetzen\/\",\"url\":\"https:\/\/www.proholzlandwald.de\/bi\/wandertafeln\/werners-ruh-und-maibaumsetzen\/\",\"name\":\"Werner\u00b4s Ruh und Maibaumsetzen - ProHolzlandwald.de\",\"isPartOf\":{\"@id\":\"https:\/\/www.proholzlandwald.de\/bi\/#website\"},\"primaryImageOfPage\":{\"@id\":\"https:\/\/www.proholzlandwald.de\/bi\/wandertafeln\/werners-ruh-und-maibaumsetzen\/#primaryimage\"},\"image\":{\"@id\":\"https:\/\/www.proholzlandwald.de\/bi\/wandertafeln\/werners-ruh-und-maibaumsetzen\/#primaryimage\"},\"thumbnailUrl\":\"http:\/\/www.proholzlandwald.de\/bi\/wp-content\/uploads\/2024\/07\/Maibaumsetzen-Bild-225x300.jpg\",\"datePublished\":\"2024-07-18T14:09:47+00:00\",\"dateModified\":\"2025-02-08T13:30:51+00:00\",\"breadcrumb\":{\"@id\":\"https:\/\/www.proholzlandwald.de\/bi\/wandertafeln\/werners-ruh-und-maibaumsetzen\/#breadcrumb\"},\"inLanguage\":\"de\",\"potentialAction\":[{\"@type\":\"ReadAction\",\"target\":[\"https:\/\/www.proholzlandwald.de\/bi\/wandertafeln\/werners-ruh-und-maibaumsetzen\/\"]}]},{\"@type\":\"ImageObject\",\"inLanguage\":\"de\",\"@id\":\"https:\/\/www.proholzlandwald.de\/bi\/wandertafeln\/werners-ruh-und-maibaumsetzen\/#primaryimage\",\"url\":\"https:\/\/www.proholzlandwald.de\/bi\/wp-content\/uploads\/2024\/07\/Maibaumsetzen-Bild.jpg\",\"contentUrl\":\"https:\/\/www.proholzlandwald.de\/bi\/wp-content\/uploads\/2024\/07\/Maibaumsetzen-Bild.jpg\",\"width\":1352,\"height\":1806},{\"@type\":\"BreadcrumbList\",\"@id\":\"https:\/\/www.proholzlandwald.de\/bi\/wandertafeln\/werners-ruh-und-maibaumsetzen\/#breadcrumb\",\"itemListElement\":[{\"@type\":\"ListItem\",\"position\":1,\"name\":\"Startseite\",\"item\":\"https:\/\/www.proholzlandwald.de\/bi\/startseite-2\/\"},{\"@type\":\"ListItem\",\"position\":2,\"name\":\"Wandertafeln\",\"item\":\"https:\/\/www.proholzlandwald.de\/bi\/wandertafeln\/\"},{\"@type\":\"ListItem\",\"position\":3,\"name\":\"Werner\u00b4s Ruh und Maibaumsetzen\"}]},{\"@type\":\"WebSite\",\"@id\":\"https:\/\/www.proholzlandwald.de\/bi\/#website\",\"url\":\"https:\/\/www.proholzlandwald.de\/bi\/\",\"name\":\"ProHolzlandwald.de\",\"description\":\"B\u00fcrgerinitiative ProHolzlandwald\",\"potentialAction\":[{\"@type\":\"SearchAction\",\"target\":{\"@type\":\"EntryPoint\",\"urlTemplate\":\"https:\/\/www.proholzlandwald.de\/bi\/?s={search_term_string}\"},\"query-input\":\"required name=search_term_string\"}],\"inLanguage\":\"de\"}]}<\/script>\n<!-- \/ Yoast SEO plugin. -->","yoast_head_json":{"title":"Werner\u00b4s Ruh und Maibaumsetzen - ProHolzlandwald.de","robots":{"index":"index","follow":"follow","max-snippet":"max-snippet:-1","max-image-preview":"max-image-preview:large","max-video-preview":"max-video-preview:-1"},"canonical":"https:\/\/www.proholzlandwald.de\/bi\/wandertafeln\/werners-ruh-und-maibaumsetzen\/","og_locale":"de_DE","og_type":"article","og_title":"Werner\u00b4s Ruh und Maibaumsetzen - ProHolzlandwald.de","og_description":"Lieder vom Tautenhainer Musikverein h\u00f6rt ihr hier in einer kleinen Kostprobe: &nbsp; Genie\u00df das Leben jeden Tag &nbsp; Dem Land Tirol die Treue halten &nbsp; Th\u00fcringer Musikantenpolka &nbsp; Hey-Jude &nbsp; &nbsp; &nbsp; Maimbaumsetzen in Tautenhain &nbsp; Ein Kurzvideo gibt einen kleinen Einblick in unsere Tradition des Maibaumsetzens- immer am Pfingstsonntag","og_url":"https:\/\/www.proholzlandwald.de\/bi\/wandertafeln\/werners-ruh-und-maibaumsetzen\/","og_site_name":"ProHolzlandwald.de","article_modified_time":"2025-02-08T13:30:51+00:00","og_image":[{"url":"http:\/\/www.proholzlandwald.de\/bi\/wp-content\/uploads\/2024\/07\/Maibaumsetzen-Bild-225x300.jpg"}],"twitter_card":"summary_large_image","schema":{"@context":"https:\/\/schema.org","@graph":[{"@type":"WebPage","@id":"https:\/\/www.proholzlandwald.de\/bi\/wandertafeln\/werners-ruh-und-maibaumsetzen\/","url":"https:\/\/www.proholzlandwald.de\/bi\/wandertafeln\/werners-ruh-und-maibaumsetzen\/","name":"Werner\u00b4s Ruh und Maibaumsetzen - ProHolzlandwald.de","isPartOf":{"@id":"https:\/\/www.proholzlandwald.de\/bi\/#website"},"primaryImageOfPage":{"@id":"https:\/\/www.proholzlandwald.de\/bi\/wandertafeln\/werners-ruh-und-maibaumsetzen\/#primaryimage"},"image":{"@id":"https:\/\/www.proholzlandwald.de\/bi\/wandertafeln\/werners-ruh-und-maibaumsetzen\/#primaryimage"},"thumbnailUrl":"http:\/\/www.proholzlandwald.de\/bi\/wp-content\/uploads\/2024\/07\/Maibaumsetzen-Bild-225x300.jpg","datePublished":"2024-07-18T14:09:47+00:00","dateModified":"2025-02-08T13:30:51+00:00","breadcrumb":{"@id":"https:\/\/www.proholzlandwald.de\/bi\/wandertafeln\/werners-ruh-und-maibaumsetzen\/#breadcrumb"},"inLanguage":"de","potentialAction":[{"@type":"ReadAction","target":["https:\/\/www.proholzlandwald.de\/bi\/wandertafeln\/werners-ruh-und-maibaumsetzen\/"]}]},{"@type":"ImageObject","inLanguage":"de","@id":"https:\/\/www.proholzlandwald.de\/bi\/wandertafeln\/werners-ruh-und-maibaumsetzen\/#primaryimage","url":"https:\/\/www.proholzlandwald.de\/bi\/wp-content\/uploads\/2024\/07\/Maibaumsetzen-Bild.jpg","contentUrl":"https:\/\/www.proholzlandwald.de\/bi\/wp-content\/uploads\/2024\/07\/Maibaumsetzen-Bild.jpg","width":1352,"height":1806},{"@type":"BreadcrumbList","@id":"https:\/\/www.proholzlandwald.de\/bi\/wandertafeln\/werners-ruh-und-maibaumsetzen\/#breadcrumb","itemListElement":[{"@type":"ListItem","position":1,"name":"Startseite","item":"https:\/\/www.proholzlandwald.de\/bi\/startseite-2\/"},{"@type":"ListItem","position":2,"name":"Wandertafeln","item":"https:\/\/www.proholzlandwald.de\/bi\/wandertafeln\/"},{"@type":"ListItem","position":3,"name":"Werner\u00b4s Ruh und Maibaumsetzen"}]},{"@type":"WebSite","@id":"https:\/\/www.proholzlandwald.de\/bi\/#website","url":"https:\/\/www.proholzlandwald.de\/bi\/","name":"ProHolzlandwald.de","description":"B\u00fcrgerinitiative ProHolzlandwald","potentialAction":[{"@type":"SearchAction","target":{"@type":"EntryPoint","urlTemplate":"https:\/\/www.proholzlandwald.de\/bi\/?s={search_term_string}"},"query-input":"required name=search_term_string"}],"inLanguage":"de"}]}},"_links":{"self":[{"href":"https:\/\/www.proholzlandwald.de\/bi\/wp-json\/wp\/v2\/pages\/2435"}],"collection":[{"href":"https:\/\/www.proholzlandwald.de\/bi\/wp-json\/wp\/v2\/pages"}],"about":[{"href":"https:\/\/www.proholzlandwald.de\/bi\/wp-json\/wp\/v2\/types\/page"}],"author":[{"embeddable":true,"href":"https:\/\/www.proholzlandwald.de\/bi\/wp-json\/wp\/v2\/users\/4"}],"replies":[{"embeddable":true,"href":"https:\/\/www.proholzlandwald.de\/bi\/wp-json\/wp\/v2\/comments?post=2435"}],"version-history":[{"count":4,"href":"https:\/\/www.proholzlandwald.de\/bi\/wp-json\/wp\/v2\/pages\/2435\/revisions"}],"predecessor-version":[{"id":2632,"href":"https:\/\/www.proholzlandwald.de\/bi\/wp-json\/wp\/v2\/pages\/2435\/revisions\/2632"}],"up":[{"embeddable":true,"href":"https:\/\/www.proholzlandwald.de\/bi\/wp-json\/wp\/v2\/pages\/2063"}],"wp:attachment":[{"href":"https:\/\/www.proholzlandwald.de\/bi\/wp-json\/wp\/v2\/media?parent=2435"}],"curies":[{"name":"wp","href":"https:\/\/api.w.org\/{rel}","templated":true}]}}