{"id":347,"date":"2016-02-06T22:09:51","date_gmt":"2016-02-06T21:09:51","guid":{"rendered":"http:\/\/proholzlandwald.dev\/?page_id=347"},"modified":"2016-08-10T23:33:05","modified_gmt":"2016-08-10T21:33:05","slug":"rechtliche-hinweise","status":"publish","type":"page","link":"https:\/\/www.proholzlandwald.de\/bi\/rechtliche-hinweise\/","title":{"rendered":"Rechtliche Hinweise"},"content":{"rendered":"<div id='layer_slider_1'  class='avia-layerslider main_color avia-shadow  avia-builder-el-0  el_before_av_textblock  avia-builder-el-first  container_wrap sidebar_right'  style='height: 151px; max-width: 1000px; margin: 0 auto;'  ><\/div><div id='after_layer_slider_1'  class='main_color av_default_container_wrap container_wrap sidebar_right'  ><div class='container av-section-cont-open' ><div class='template-page content  av-content-small alpha units'><div class='post-entry post-entry-type-page post-entry-347'><div class='entry-content-wrapper clearfix'>\n<section  class='av_textblock_section av-av_textblock-0366cc7376be6c9e82a3e9cc8987b64f '   itemscope=\"itemscope\" itemtype=\"https:\/\/schema.org\/CreativeWork\" ><div class='avia_textblock'  itemprop=\"text\" ><h2>Cookies<\/h2>\n<p>Wenn\u00a0Sie nicht m\u00f6chten, dass Ihre\u00a0Daten von Google und Co.\u00a0getrackt werden, haben Sie\u00a0mehrere M\u00f6glichkeiten. Entweder verbieten Sie die Nutzung von Cookies durch <a href=\"https:\/\/www.google.de\/?gws_rd=ssl#q=cookies+von+drittanbieter+blockieren\" target=\"_blank\" rel=\"noopener\">Drittanbieter<\/a> und\/oder Sie\u00a0besorgen sich\u00a0zum Beispiel <a href=\"https:\/\/adblockplus.org\/de\/\" target=\"_blank\" rel=\"noopener\">Adblock Plus<\/a> f\u00fcr den Browser Ihrer\u00a0Wahl.<\/p>\n<p>Weiterf\u00fchrende Infos zu dem Thema gibt es bei <a href=\"https:\/\/www.google.de\/intl\/de\/policies\/technologies\/cookies\/\" target=\"_blank\" rel=\"noopener\">Google<\/a>.<\/p>\n<h2>Zugriffs- und Anwendungsbedingungen f\u00fcr diese Website<\/h2>\n<p>Mit dem Zugriff auf diese Website und ihre Links erkl\u00e4ren Sie, dass Sie die nachfolgenden\u00a0Anwendungsbedingungen und rechtlichen Informationen im Zusammenhang mit dieser Website\u00a0(und den darin enthaltenen Elementen) verstanden haben und diese anerkennen. Sollten Sie mit\u00a0diesen Bedingungen nicht einverstanden sein, unterlassen Sie den Zugriff auf diese Website.<\/p>\n<h2>Zweck dieser Website \/ Keine Gew\u00e4hrleistung<\/h2>\n<p>Der Zweck dieser Website ist die Informationsvermittlung \u00fcber unsere Gesellschaft und\u00a0Dienstleistungen. Durch das Aufrufen dieser Website durch den Benutzer geht B\u00fcrgerinitiative proholzlandwald e.V. mit\u00a0dem Benutzer keinerlei vertragliche Beziehung ein. Die publizierten Tools begr\u00fcnden weder eine\u00a0Aufforderung zur Offertenstellung noch ein Angebot. B\u00fcrgerinitiative proholzlandwald e.V. bem\u00fcht sich, die Inhalte auf\u00a0dieser Website aktuell, vollst\u00e4ndig und richtig zu halten. Da diese Informationen jedoch raschen\u00a0\u00c4nderungen unterliegen k\u00f6nnen, kann die Aktualit\u00e4t, Richtigkeit und Vollst\u00e4ndigkeit nicht\u00a0vollst\u00e4ndig gew\u00e4hrleistet werden.\u00a0Die Angaben auf dieser Website stellen keine verbindlichen Entscheidungshilfen und Antworten auf\u00a0Beratungsfragen dar, noch sollten aufgrund dieser Angaben arbeitsrechtliche oder andere\u00a0Entscheide gef\u00e4llt werden. Jegliches Handeln, welches aufgrund der Angaben auf dieser Website\u00a0getroffen wird, erfolgt auf das alleinige Risiko des Benutzers.<\/p>\n<h2>Funktionen dieser Website<\/h2>\n<p>B\u00fcrgerinitiative proholzlandwald e.V. \u00fcbernimmt keine Verantwortung und gibt keine Garantie daf\u00fcr ab, dass die\u00a0Funktionen auf ihrer Website dauernd und ununterbrochen zur Verf\u00fcgung stehen, fehlerfrei sind\u00a0oder Fehler behoben werden oder dass die Website oder die jeweiligen Server frei von Viren oder\u00a0sonstigen sch\u00e4dlichen Bestandteilen sind.<\/p>\n<h2>Links<\/h2>\n<p>Diese Website enth\u00e4lt Links zu Websites von Dritten. Deren Inhalte sind dem Einfluss von B\u00fcrgerinitiative proholzlandwald e.V. entzogen, weshalb weder f\u00fcr deren Richtigkeit, Vollst\u00e4ndigkeit und Rechtm\u00e4ssigkeit\u00a0irgendeine Gew\u00e4hrleistung \u00fcbernommen werden kann. B\u00fcrgerinitiative proholzlandwald e.V. \u00fcbernimmt daher keinerlei\u00a0Haftung f\u00fcr die Inhalte auf den Seiten dieser Dritten.<\/p>\n<h2>Keine Sicherheit der Daten\u00fcbertragung<\/h2>\n<p>Die E-Mail-Kommunikation findet \u00fcber ein offenes, jedermann zug\u00e4ngliches und grenz\u00fcberschreitendes\u00a0Netz statt. Sie ist unverschl\u00fcsselt. Es kann somit nicht ausgeschlossen werden,\u00a0dass so gesendete Daten durch Dritte eingesehen und damit auch die Kontaktaufnahme zu B\u00fcrgerinitiative proholzlandwald e.V. nachvollzogen werden kann.<\/p>\n<h2>Datenschutz<\/h2>\n<p>B\u00fcrgerinitiative proholzlandwald e.V. beh\u00e4lt sich vor, personenbezogene Daten, welche ihr elektronisch \u00fcbermittelt\u00a0werden, zu erfassen und auszuwerten. Sie beachtet dabei die\u00a0Bestimmungen des Deutschen Datenschutzgesetzes und gibt die Daten nicht an Dritte weiter.<\/p>\n<h2>Haftungsausschluss<\/h2>\n<p>Die Inhalte dieser Website beinhalten keinerlei Zusicherungen oder Garantien. B\u00fcrgerinitiative proholzlandwald e.V.\u00a0haftet in keinem Fall, inklusive Fahrl\u00e4ssigkeit und Haftung gegen\u00fcber Drittpersonen, f\u00fcr allf\u00e4llige\u00a0direkte, indirekte oder Folgesch\u00e4den, welche als Folge des Gebrauchs von Informationen und\u00a0Material aus dieser Website oder durch den Zugriff \u00fcber Links auf andere Websites entstehen.<\/p>\n<h2>Copyright und andere Schutzrechte<\/h2>\n<p>Der gesamte Inhalt der Website von B\u00fcrgerinitiative proholzlandwald e.V. ist urheberrechtlich gesch\u00fctzt. Alle Rechte\u00a0sind vorbehalten. Durch den\u00a0Zugriff auf die Website von B\u00fcrgerinitiative proholzlandwald e.V. das Herunterladen oder Kopieren von Daten dieser\u00a0Website oder Teilen davon, werden dem Benutzer keinerlei Rechte am Inhalt, an der Software,\u00a0einer eingetragenen Marke oder an sonst einem Element der Website einger\u00e4umt. Jegliche\u00a0Modifikation, Reproduktion oder Benutzung der Website, des Logos von B\u00fcrgerinitiative proholzlandwald e.V. oder Teile\u00a0davon f\u00fcr einen \u00f6ffentlichen oder kommerziellen Zweck ist ohne vorherige schriftliche Zustimmung\u00a0von B\u00fcrgerinitiative proholzlandwald e.V. strikt untersagt.<\/p>\n<\/div><\/section>\n","protected":false},"excerpt":{"rendered":"","protected":false},"author":1,"featured_media":0,"parent":0,"menu_order":0,"comment_status":"closed","ping_status":"closed","template":"","meta":{"footnotes":""},"yoast_head":"<!-- This site is optimized with the Yoast SEO plugin v22.3 - https:\/\/yoast.com\/wordpress\/plugins\/seo\/ -->\n<title>Rechtliche Hinweise - ProHolzlandwald.de<\/title>\n<meta name=\"robots\" content=\"index, follow, max-snippet:-1, max-image-preview:large, max-video-preview:-1\" \/>\n<link rel=\"canonical\" href=\"https:\/\/www.proholzlandwald.de\/bi\/rechtliche-hinweise\/\" \/>\n<meta property=\"og:locale\" content=\"de_DE\" \/>\n<meta property=\"og:type\" content=\"article\" \/>\n<meta property=\"og:title\" content=\"Rechtliche Hinweise - ProHolzlandwald.de\" \/>\n<meta property=\"og:url\" content=\"https:\/\/www.proholzlandwald.de\/bi\/rechtliche-hinweise\/\" \/>\n<meta property=\"og:site_name\" content=\"ProHolzlandwald.de\" \/>\n<meta property=\"article:modified_time\" content=\"2016-08-10T21:33:05+00:00\" \/>\n<meta name=\"twitter:card\" content=\"summary_large_image\" \/>\n<meta name=\"twitter:label1\" content=\"Gesch\u00e4tzte Lesezeit\" \/>\n\t<meta name=\"twitter:data1\" content=\"3\u00a0Minuten\" \/>\n<script type=\"application\/ld+json\" class=\"yoast-schema-graph\">{\"@context\":\"https:\/\/schema.org\",\"@graph\":[{\"@type\":\"WebPage\",\"@id\":\"https:\/\/www.proholzlandwald.de\/bi\/rechtliche-hinweise\/\",\"url\":\"https:\/\/www.proholzlandwald.de\/bi\/rechtliche-hinweise\/\",\"name\":\"Rechtliche Hinweise - ProHolzlandwald.de\",\"isPartOf\":{\"@id\":\"https:\/\/www.proholzlandwald.de\/bi\/#website\"},\"datePublished\":\"2016-02-06T21:09:51+00:00\",\"dateModified\":\"2016-08-10T21:33:05+00:00\",\"breadcrumb\":{\"@id\":\"https:\/\/www.proholzlandwald.de\/bi\/rechtliche-hinweise\/#breadcrumb\"},\"inLanguage\":\"de\",\"potentialAction\":[{\"@type\":\"ReadAction\",\"target\":[\"https:\/\/www.proholzlandwald.de\/bi\/rechtliche-hinweise\/\"]}]},{\"@type\":\"BreadcrumbList\",\"@id\":\"https:\/\/www.proholzlandwald.de\/bi\/rechtliche-hinweise\/#breadcrumb\",\"itemListElement\":[{\"@type\":\"ListItem\",\"position\":1,\"name\":\"Startseite\",\"item\":\"https:\/\/www.proholzlandwald.de\/bi\/startseite-2\/\"},{\"@type\":\"ListItem\",\"position\":2,\"name\":\"Rechtliche Hinweise\"}]},{\"@type\":\"WebSite\",\"@id\":\"https:\/\/www.proholzlandwald.de\/bi\/#website\",\"url\":\"https:\/\/www.proholzlandwald.de\/bi\/\",\"name\":\"ProHolzlandwald.de\",\"description\":\"B\u00fcrgerinitiative ProHolzlandwald\",\"potentialAction\":[{\"@type\":\"SearchAction\",\"target\":{\"@type\":\"EntryPoint\",\"urlTemplate\":\"https:\/\/www.proholzlandwald.de\/bi\/?s={search_term_string}\"},\"query-input\":\"required name=search_term_string\"}],\"inLanguage\":\"de\"}]}<\/script>\n<!-- \/ Yoast SEO plugin. -->","yoast_head_json":{"title":"Rechtliche Hinweise - ProHolzlandwald.de","robots":{"index":"index","follow":"follow","max-snippet":"max-snippet:-1","max-image-preview":"max-image-preview:large","max-video-preview":"max-video-preview:-1"},"canonical":"https:\/\/www.proholzlandwald.de\/bi\/rechtliche-hinweise\/","og_locale":"de_DE","og_type":"article","og_title":"Rechtliche Hinweise - ProHolzlandwald.de","og_url":"https:\/\/www.proholzlandwald.de\/bi\/rechtliche-hinweise\/","og_site_name":"ProHolzlandwald.de","article_modified_time":"2016-08-10T21:33:05+00:00","twitter_card":"summary_large_image","twitter_misc":{"Gesch\u00e4tzte Lesezeit":"3\u00a0Minuten"},"schema":{"@context":"https:\/\/schema.org","@graph":[{"@type":"WebPage","@id":"https:\/\/www.proholzlandwald.de\/bi\/rechtliche-hinweise\/","url":"https:\/\/www.proholzlandwald.de\/bi\/rechtliche-hinweise\/","name":"Rechtliche Hinweise - ProHolzlandwald.de","isPartOf":{"@id":"https:\/\/www.proholzlandwald.de\/bi\/#website"},"datePublished":"2016-02-06T21:09:51+00:00","dateModified":"2016-08-10T21:33:05+00:00","breadcrumb":{"@id":"https:\/\/www.proholzlandwald.de\/bi\/rechtliche-hinweise\/#breadcrumb"},"inLanguage":"de","potentialAction":[{"@type":"ReadAction","target":["https:\/\/www.proholzlandwald.de\/bi\/rechtliche-hinweise\/"]}]},{"@type":"BreadcrumbList","@id":"https:\/\/www.proholzlandwald.de\/bi\/rechtliche-hinweise\/#breadcrumb","itemListElement":[{"@type":"ListItem","position":1,"name":"Startseite","item":"https:\/\/www.proholzlandwald.de\/bi\/startseite-2\/"},{"@type":"ListItem","position":2,"name":"Rechtliche Hinweise"}]},{"@type":"WebSite","@id":"https:\/\/www.proholzlandwald.de\/bi\/#website","url":"https:\/\/www.proholzlandwald.de\/bi\/","name":"ProHolzlandwald.de","description":"B\u00fcrgerinitiative ProHolzlandwald","potentialAction":[{"@type":"SearchAction","target":{"@type":"EntryPoint","urlTemplate":"https:\/\/www.proholzlandwald.de\/bi\/?s={search_term_string}"},"query-input":"required name=search_term_string"}],"inLanguage":"de"}]}},"_links":{"self":[{"href":"https:\/\/www.proholzlandwald.de\/bi\/wp-json\/wp\/v2\/pages\/347"}],"collection":[{"href":"https:\/\/www.proholzlandwald.de\/bi\/wp-json\/wp\/v2\/pages"}],"about":[{"href":"https:\/\/www.proholzlandwald.de\/bi\/wp-json\/wp\/v2\/types\/page"}],"author":[{"embeddable":true,"href":"https:\/\/www.proholzlandwald.de\/bi\/wp-json\/wp\/v2\/users\/1"}],"replies":[{"embeddable":true,"href":"https:\/\/www.proholzlandwald.de\/bi\/wp-json\/wp\/v2\/comments?post=347"}],"version-history":[{"count":4,"href":"https:\/\/www.proholzlandwald.de\/bi\/wp-json\/wp\/v2\/pages\/347\/revisions"}],"predecessor-version":[{"id":1115,"href":"https:\/\/www.proholzlandwald.de\/bi\/wp-json\/wp\/v2\/pages\/347\/revisions\/1115"}],"wp:attachment":[{"href":"https:\/\/www.proholzlandwald.de\/bi\/wp-json\/wp\/v2\/media?parent=347"}],"curies":[{"name":"wp","href":"https:\/\/api.w.org\/{rel}","templated":true}]}}