{"id":457,"date":"2016-02-07T22:20:13","date_gmt":"2016-02-07T21:20:13","guid":{"rendered":"http:\/\/proholzlandwald.dev\/?page_id=457"},"modified":"2024-10-29T15:27:07","modified_gmt":"2024-10-29T14:27:07","slug":"petition-mindestabstand","status":"publish","type":"page","link":"https:\/\/www.proholzlandwald.de\/bi\/petition-mindestabstand\/","title":{"rendered":"Petition Mindestabstand"},"content":{"rendered":"<div id='layer_slider_1'  class='avia-layerslider main_color avia-shadow  avia-builder-el-0  el_before_av_textblock  avia-builder-el-first  container_wrap sidebar_right'  style='height: 151px; max-width: 1000px; margin: 0 auto;'  ><\/div><div id='after_layer_slider_1'  class='main_color av_default_container_wrap container_wrap sidebar_right'  ><div class='container av-section-cont-open' ><div class='template-page content  av-content-small alpha units'><div class='post-entry post-entry-type-page post-entry-457'><div class='entry-content-wrapper clearfix'>\n<section  class='av_textblock_section av-10x3kp-dea7977723b377a6a5952ef97a4d7a0d '   itemscope=\"itemscope\" itemtype=\"https:\/\/schema.org\/CreativeWork\" ><div class='avia_textblock'  itemprop=\"text\" ><blockquote>\n<h1 class=\"first\">Petition Mindestabstand von Windkraftanlagen zu Wohngeb\u00e4uden<\/h1>\n<\/blockquote>\n<p><span style=\"font-family: Arial, sans-serif;\">Die Petition \u201eFestlegung des 10H Mindestabstandes von Windkraftanlagen zu Wohngeb\u00e4uden\u201c wurde am 8. Juni 2015 auf der Petitionsplattform des Th\u00fcringer Landtags ver\u00f6ffentlicht. In der sechsw\u00f6chigen Mitzeichnungsphase wurde sie von 1744 B\u00fcrgerinnen und B\u00fcrgern mitgezeichnet.<\/span><\/p>\n<p><span style=\"font-family: Arial, sans-serif;\">Am 27.10.2015 fand die Anh\u00f6rung der Petition zur Mindestabstandsregelung im Th\u00fcringer Landtag statt. Auch unsere BI war dabei und k\u00e4mpfte mit, um mittels eines gesetzlich festgelegten Mindestabstandes die Gesundheit und Lebensqualit\u00e4t der Th\u00fcringer B\u00fcrger zu sch\u00fctzen.<\/span><br \/>\n<span style=\"font-family: Arial, sans-serif;\">Aufruf zur Demo<\/span><\/p>\n<hr \/>\n<p><span style=\"font-family: Arial, sans-serif;\">Als Vorbereitung der Anh\u00f6rung wurde die Effizenz der bestehenden Windkraftanlagen Th\u00fcringens erarbeitet. Ein sehr interesantes Ergebnis:<br \/>\n<\/span><\/p>\n<hr \/>\n<p><span style=\"font-family: Arial, sans-serif;\">Die Anh\u00f6rung fand schon extra im gro\u00dfen Sitzungssaal statt. Doch aufgrund der vielen angereisten B\u00fcrger war die G\u00e4stetrib\u00fcne voll besetzt und der Plenarsaal wurde f\u00fcr die G\u00e4ste ge\u00f6ffnet. So gro\u00dfes Interesse zeigten die B\u00fcrger, denn man muss nur einmal in die N\u00e4he eines Windparks fahren um zur Erkenntnis zu gelangen: Ein Mindestabstand zur Wohnbebauung ist dringend notwendig. Denn nur Gro\u00dfinvestoren h\u00f6ren das von unseren Staatssekret\u00e4r im Th\u00fcringer Umweltministerium Herr M\u00f6ller angepriesene &#8220;kling kling kling&#8221;, alle anderen h\u00f6ren und f\u00fchlen den L\u00e4rm.<\/span><\/p>\n<p><span style=\"font-family: Arial, sans-serif;\">Auch Mitglieder unserer BI sind zur Anh\u00f6rung nach Erfurt gefahren, unser Vorsitzender Dr. Illian hat das Thema Infraschall bei der Anh\u00f6rung \u00fcbernommen. Neben ihn haben Herr Wolf von der B\u00fcrgerinitiative Gegenwind Heuckewalde, Herr Kay Kister von der BI Zukunft-Heideland und Herr Tschesch ihre Argumente f\u00fcr einen gesetzlich geregelten Mindestabstand vorgetragen.<\/span><\/p>\n<p><span style=\"font-family: Arial, sans-serif;\">Interessante neue Aspekte haben die Nachberechnungen auf der Grundlage vorhandenen Zahlenmaterials durch Herrn Kister in die Diskussion gebracht. So stellt sich die Frage, ob es nicht mehr Sinn macht, Strommengenziele zu definieren anstatt Fl\u00e4chenziele. Weiterhin w\u00fcrde ein &#8220;Repowering&#8221; der bestehenden Anlagen ebenfalls den Fl\u00e4chenverbrauch eind\u00e4mmen.<\/span><\/p>\n<hr \/>\n<p><span style=\"font-family: Arial, sans-serif;\">Nun bleibt abzuwarten, wie die Landesregierung auf diese Fakten und vor allen auf den B\u00fcrgerwillen reagiert. Wird weiterhin alles getan, damit die Gro\u00dfkonzerne mit allen Mitteln Windr\u00e4der bauen, ohne R\u00fccksicht auf Natur und Gesundheit der Menschen. Oder will man die Energiewende mit den B\u00fcrgern zusammen schaffen. Die B\u00fcrger sollten selbst entscheiden d\u00fcrfen, ob sie Windr\u00e4der haben wollen, wieviele und in welchem Abstand zum Wohnort. Nur so kann eine &#8220;Energiewende im Einklang mit Mensch und Natur&#8221; (Wahlslogen unserer Linken Regierungspartei!) geschafft werden.<br \/>\n<\/span><\/p>\n<hr \/>\n<p>Ausf\u00fchrungen von Kay Kister zur Anh\u00f6rung vor dem Petitionsausschuss<a href=\"http:\/\/www.thueringer-landtag.de\/landtag\/aktuelles\/pressemitteilungen\/82747\/index.aspx\" target=\"_blank\" rel=\"noopener\">:<\/a><\/p>\n<p><span style=\"font-family: Arial, sans-serif;\">Die B\u00fcrgerinitiative hat zus\u00e4tzlich 982 Unterschriften als Mitzeichner der Petition gesammelt und m\u00f6chte sich bei allen Mitzeichnern badanken.<\/span><\/p>\n<p>Pressemitteilung der BI Gegenwind Heuckenwalde:<\/p>\n<blockquote>\n<p><strong>B\u00fcrgerinitiative \u201eGegenwind Heukewalde\u201c<\/strong><br \/>\nHeukewalde, den 21.07.2015<br \/>\n<strong>PRESSE-ERKL\u00c4RUNG<\/strong><\/p>\n<p>Am 08. Juni 2015 ver\u00f6ffentlichte die Verwaltung des Th\u00fcringer Landtages folgende Petition der BI Gegenwind Heukewalde auf deren Online-Portal und gab sie zum Zeichnen frei (die Zeichnungsfrist wurde auf den 20. Juli 2015, 24:00 Uhr begrenzt):<\/p>\n<p><strong>Festlegung des 10H-Mindestabstandes (H=Nabenh\u00f6he zuz\u00fcglich Radius des Rotors) von Windkraftanlagen zu Wohngeb\u00e4uden; den \u201eWildwuchs\u201c von Windkraftanlagen stoppen und die Kommunen bei Ver\u00e4nderungssperren unterst\u00fctzen; gegen die Missachtung des Gesundheitsschutzes <\/strong><strong>und die Zerst\u00f6rung der l\u00e4ndlichen Regionen durch den extensiv betriebenen Bau von Windenergieanlagen<\/strong><br \/>\nWie schon am Titel der Eingabe erkennbar, verfolgt die BI \u201eGegenwind Heukewalde\u201c nicht prim\u00e4r das Ziel, Windenergie abzulehnen. Vielmehr geht es uns darum, auf die Gefahren und Risiken beim Betreiben von Windenergieanlagen hinzuweisen und den verantwortlichen Politikern und Beamten klarzumachen, dass die Energiewende nicht zulasten der Landbev\u00f6lkerung und deren Existenzgrundlagen gehen darf. Vor allem der Gesundheitsschutz, die Vermeidung von Risiken f\u00fcr die Anwohner und damit verbunden die Forderung nach einem ausreichenden Abstand zwischen Wohnbebauung und Windenergieanlagen sollte als Maxime beim Handeln und Behandeln von Windenergie-Vorhaben gelten.<br \/>\nDer Bundesgesetzgeber hat zur Abstandsregelung die sogenannte \u201eL\u00e4nder\u00f6ffnungsklausel\u201c zum \u00a7 249 des Baugesetzbuches beschlossen. Demnach haben die einzelnen Bundesl\u00e4nder die M\u00f6glichkeit, durch eigene Gesetzgebung klare definierte Abstandsregelungen zu erlassen. Diese Frist endet aber am 31.12.2015. Wir fordern von daher die Landesregierung und das Th\u00fcringer Parlament auf, diese L\u00e4nder\u00f6ffnungsklausel wahrzunehmen in dergestalt, dass mindestens das 10-fache der H\u00f6he des zu bauenden Windrades (gemessen als H\u00f6he wird die Nabenh\u00f6he + Radius des Rotors) als Abstand gelten muss. Alles, was darunterliegt oder gar nicht geregelt wird, sind Zugest\u00e4ndnisse an die Profitinteressen der Windenergie-Lobby und eine Unterwerfung des Gesundheitsschutzes und der elementaren Rechte der B\u00fcrger unter die ideologischen und wahlstrategischen Interessen und Ziele einzelner Parteien. Im Grundgesetz der Bundesrepublik Deutschland \u00a7 2 Abs. 2 ist das Recht eines jeden auf k\u00f6rperliche Unversehrtheit verankert. Daran haben sich alle zu halten, \u00fcbrigens auch Politiker und Beamte.<br \/>\nWir fordern, den B\u00fcrgerwillen zu respektieren und die Gesundheit der B\u00fcrger nicht auf den Opfertisch der Energiewende zu legen. Wohin Ignoranz der Volkesstimme f\u00fchren kann, ist an vielen Fakten in der j\u00fcngsten Geschichte belegbar.<\/p>\n<p>Das Ergebnis des ersten Teils der Petition kann sich sehen lassen: Bereits eine reichliche Woche vor Ablauf der Zeichnungsfrist auf dem Online-Portal wurde das Quorum von 1500 Zeichnern erf\u00fcllt. Zum Ablauf am 20.07.2015 waren es sogar 1745 Zeichner. Hinzu kommen noch 2047 Unterst\u00fctzer unserer Ziele, die sich auf Unterschriftslisten eingeschrieben haben. Diese Listen wurden am 16.07.2015 erg\u00e4nzend zur Online-Petition an den Petitionsausschuss des Th\u00fcringer Landtages \u00fcbergeben und werten das Ergebnis zus\u00e4tzlich auf. Ein Riesen-Erfolg, der zeigt, dass gro\u00dfe Teile der Bev\u00f6lkerung nicht willens sind, Entscheidungen \u00fcber ihre K\u00f6pfe hinweg hinzunehmen.<br \/>\nWas sich anfangs als ein Zusammenschluss von Gleich-Interessierten in Heukewalde formierte, wurde immer mehr eine B\u00fcrgerbewegung gemeinde-, kreis- und sogar l\u00e4nder\u00fcbergreifend. Heukewalde hat gerademal etwas mehr als 200 Einwohner \u2026<br \/>\nAuch der Schulterschluss mit anderen B\u00fcrgerinitiativen in Th\u00fcringen und Sachsen hat seine Wirkung nicht verfehlt. Stellvertretend seien nur die BI Proholzlandwald Tautenhain, die BI \u201eKochberg-Hexengrund Windradfrei\u201c Remda-Teichel, die BI \u201eLebenswertes Hochplateau\u201c Rittersdorf-Milda, die BI Seelingst\u00e4dt, die BI Gegenwind Langenbernsdorf oder die BI R\u00f6dern-Radeburg genannt, ohne deren Unterst\u00fctzung wir nicht da w\u00e4ren, wo wir heute sind.<br \/>\nWir haben mit dieser Petition ein wichtiges Ziel erreicht &#8211; nicht mehr, aber auch nicht weniger. Nunmehr kommt es darauf an, den n\u00e4chsten Schritt zu tun und unsere Ziele bei der \u00f6ffentlichen Anh\u00f6rung im Th\u00fcringer Landtag mit voller Hingabe und Sachkenntnis zu verteidigen. Darauf bereiten wir uns intensiv vor.<\/p>\n<p>i.A. Lutz Wolf<br \/>\nB\u00fcrgerinitiative \u201eGegenwind Heukewalde\u201c<\/p>\n<\/blockquote>\n<\/div><\/section>\n","protected":false},"excerpt":{"rendered":"","protected":false},"author":1,"featured_media":0,"parent":0,"menu_order":0,"comment_status":"closed","ping_status":"closed","template":"","meta":{"footnotes":""},"yoast_head":"<!-- This site is optimized with the Yoast SEO plugin v22.3 - https:\/\/yoast.com\/wordpress\/plugins\/seo\/ -->\n<title>Petition Mindestabstand - ProHolzlandwald.de<\/title>\n<meta name=\"robots\" content=\"index, follow, max-snippet:-1, max-image-preview:large, max-video-preview:-1\" \/>\n<link rel=\"canonical\" href=\"https:\/\/www.proholzlandwald.de\/bi\/petition-mindestabstand\/\" \/>\n<meta property=\"og:locale\" content=\"de_DE\" \/>\n<meta property=\"og:type\" content=\"article\" \/>\n<meta property=\"og:title\" content=\"Petition Mindestabstand - ProHolzlandwald.de\" \/>\n<meta property=\"og:url\" content=\"https:\/\/www.proholzlandwald.de\/bi\/petition-mindestabstand\/\" \/>\n<meta property=\"og:site_name\" content=\"ProHolzlandwald.de\" \/>\n<meta property=\"article:modified_time\" content=\"2024-10-29T14:27:07+00:00\" \/>\n<meta name=\"twitter:card\" content=\"summary_large_image\" \/>\n<meta name=\"twitter:label1\" content=\"Gesch\u00e4tzte Lesezeit\" \/>\n\t<meta name=\"twitter:data1\" content=\"3\u00a0Minuten\" \/>\n<script type=\"application\/ld+json\" class=\"yoast-schema-graph\">{\"@context\":\"https:\/\/schema.org\",\"@graph\":[{\"@type\":\"WebPage\",\"@id\":\"https:\/\/www.proholzlandwald.de\/bi\/petition-mindestabstand\/\",\"url\":\"https:\/\/www.proholzlandwald.de\/bi\/petition-mindestabstand\/\",\"name\":\"Petition Mindestabstand - ProHolzlandwald.de\",\"isPartOf\":{\"@id\":\"https:\/\/www.proholzlandwald.de\/bi\/#website\"},\"datePublished\":\"2016-02-07T21:20:13+00:00\",\"dateModified\":\"2024-10-29T14:27:07+00:00\",\"breadcrumb\":{\"@id\":\"https:\/\/www.proholzlandwald.de\/bi\/petition-mindestabstand\/#breadcrumb\"},\"inLanguage\":\"de\",\"potentialAction\":[{\"@type\":\"ReadAction\",\"target\":[\"https:\/\/www.proholzlandwald.de\/bi\/petition-mindestabstand\/\"]}]},{\"@type\":\"BreadcrumbList\",\"@id\":\"https:\/\/www.proholzlandwald.de\/bi\/petition-mindestabstand\/#breadcrumb\",\"itemListElement\":[{\"@type\":\"ListItem\",\"position\":1,\"name\":\"Startseite\",\"item\":\"https:\/\/www.proholzlandwald.de\/bi\/startseite-2\/\"},{\"@type\":\"ListItem\",\"position\":2,\"name\":\"Petition Mindestabstand\"}]},{\"@type\":\"WebSite\",\"@id\":\"https:\/\/www.proholzlandwald.de\/bi\/#website\",\"url\":\"https:\/\/www.proholzlandwald.de\/bi\/\",\"name\":\"ProHolzlandwald.de\",\"description\":\"B\u00fcrgerinitiative ProHolzlandwald\",\"potentialAction\":[{\"@type\":\"SearchAction\",\"target\":{\"@type\":\"EntryPoint\",\"urlTemplate\":\"https:\/\/www.proholzlandwald.de\/bi\/?s={search_term_string}\"},\"query-input\":\"required name=search_term_string\"}],\"inLanguage\":\"de\"}]}<\/script>\n<!-- \/ Yoast SEO plugin. -->","yoast_head_json":{"title":"Petition Mindestabstand - ProHolzlandwald.de","robots":{"index":"index","follow":"follow","max-snippet":"max-snippet:-1","max-image-preview":"max-image-preview:large","max-video-preview":"max-video-preview:-1"},"canonical":"https:\/\/www.proholzlandwald.de\/bi\/petition-mindestabstand\/","og_locale":"de_DE","og_type":"article","og_title":"Petition Mindestabstand - ProHolzlandwald.de","og_url":"https:\/\/www.proholzlandwald.de\/bi\/petition-mindestabstand\/","og_site_name":"ProHolzlandwald.de","article_modified_time":"2024-10-29T14:27:07+00:00","twitter_card":"summary_large_image","twitter_misc":{"Gesch\u00e4tzte Lesezeit":"3\u00a0Minuten"},"schema":{"@context":"https:\/\/schema.org","@graph":[{"@type":"WebPage","@id":"https:\/\/www.proholzlandwald.de\/bi\/petition-mindestabstand\/","url":"https:\/\/www.proholzlandwald.de\/bi\/petition-mindestabstand\/","name":"Petition Mindestabstand - ProHolzlandwald.de","isPartOf":{"@id":"https:\/\/www.proholzlandwald.de\/bi\/#website"},"datePublished":"2016-02-07T21:20:13+00:00","dateModified":"2024-10-29T14:27:07+00:00","breadcrumb":{"@id":"https:\/\/www.proholzlandwald.de\/bi\/petition-mindestabstand\/#breadcrumb"},"inLanguage":"de","potentialAction":[{"@type":"ReadAction","target":["https:\/\/www.proholzlandwald.de\/bi\/petition-mindestabstand\/"]}]},{"@type":"BreadcrumbList","@id":"https:\/\/www.proholzlandwald.de\/bi\/petition-mindestabstand\/#breadcrumb","itemListElement":[{"@type":"ListItem","position":1,"name":"Startseite","item":"https:\/\/www.proholzlandwald.de\/bi\/startseite-2\/"},{"@type":"ListItem","position":2,"name":"Petition Mindestabstand"}]},{"@type":"WebSite","@id":"https:\/\/www.proholzlandwald.de\/bi\/#website","url":"https:\/\/www.proholzlandwald.de\/bi\/","name":"ProHolzlandwald.de","description":"B\u00fcrgerinitiative ProHolzlandwald","potentialAction":[{"@type":"SearchAction","target":{"@type":"EntryPoint","urlTemplate":"https:\/\/www.proholzlandwald.de\/bi\/?s={search_term_string}"},"query-input":"required name=search_term_string"}],"inLanguage":"de"}]}},"_links":{"self":[{"href":"https:\/\/www.proholzlandwald.de\/bi\/wp-json\/wp\/v2\/pages\/457"}],"collection":[{"href":"https:\/\/www.proholzlandwald.de\/bi\/wp-json\/wp\/v2\/pages"}],"about":[{"href":"https:\/\/www.proholzlandwald.de\/bi\/wp-json\/wp\/v2\/types\/page"}],"author":[{"embeddable":true,"href":"https:\/\/www.proholzlandwald.de\/bi\/wp-json\/wp\/v2\/users\/1"}],"replies":[{"embeddable":true,"href":"https:\/\/www.proholzlandwald.de\/bi\/wp-json\/wp\/v2\/comments?post=457"}],"version-history":[{"count":9,"href":"https:\/\/www.proholzlandwald.de\/bi\/wp-json\/wp\/v2\/pages\/457\/revisions"}],"predecessor-version":[{"id":2564,"href":"https:\/\/www.proholzlandwald.de\/bi\/wp-json\/wp\/v2\/pages\/457\/revisions\/2564"}],"wp:attachment":[{"href":"https:\/\/www.proholzlandwald.de\/bi\/wp-json\/wp\/v2\/media?parent=457"}],"curies":[{"name":"wp","href":"https:\/\/api.w.org\/{rel}","templated":true}]}}