{"id":610,"date":"2016-02-08T13:06:08","date_gmt":"2016-02-08T12:06:08","guid":{"rendered":"http:\/\/proholzlandwald.dev\/?page_id=610"},"modified":"2024-10-29T15:11:50","modified_gmt":"2024-10-29T14:11:50","slug":"regionales","status":"publish","type":"page","link":"https:\/\/www.proholzlandwald.de\/bi\/regionales\/","title":{"rendered":"Regionales"},"content":{"rendered":"<div id='layer_slider_1'  class='avia-layerslider main_color avia-shadow  avia-builder-el-0  el_before_av_image  avia-builder-el-first  container_wrap sidebar_right'  style='height: 151px; max-width: 1000px; margin: 0 auto;'  ><\/div><div id='after_layer_slider_1'  class='main_color av_default_container_wrap container_wrap sidebar_right'  ><div class='container av-section-cont-open' ><div class='template-page content  av-content-small alpha units'><div class='post-entry post-entry-type-page post-entry-610'><div class='entry-content-wrapper clearfix'>\n\n<style type=\"text\/css\" data-created_by=\"avia_inline_auto\" id=\"style-css-av-zpule-e08b1efdd685bcf962f650894a3e78ac\">\n.avia-image-container.av-zpule-e08b1efdd685bcf962f650894a3e78ac img.avia_image{\nbox-shadow:none;\n}\n.avia-image-container.av-zpule-e08b1efdd685bcf962f650894a3e78ac .av-image-caption-overlay-center{\ncolor:#ffffff;\n}\n<\/style>\n<div  class='avia-image-container av-zpule-e08b1efdd685bcf962f650894a3e78ac av-styling- avia-align-center  avia-builder-el-1  el_after_av_layerslider  el_before_av_three_fifth  avia-builder-el-first '   itemprop=\"image\" itemscope=\"itemscope\" itemtype=\"https:\/\/schema.org\/ImageObject\" ><div class=\"avia-image-container-inner\"><div class=\"avia-image-overlay-wrap\"><img decoding=\"async\" fetchpriority=\"high\" class='wp-image-430 avia-img-lazy-loading-not-430 avia_image ' src=\"https:\/\/www.proholzlandwald.de\/bi\/wp-content\/uploads\/2016\/02\/Montagen4.jpg\" alt='' title='Montagen4'  height=\"600\" width=\"2096\"  itemprop=\"thumbnailUrl\" srcset=\"https:\/\/www.proholzlandwald.de\/bi\/wp-content\/uploads\/2016\/02\/Montagen4.jpg 2096w, https:\/\/www.proholzlandwald.de\/bi\/wp-content\/uploads\/2016\/02\/Montagen4-300x86.jpg 300w, https:\/\/www.proholzlandwald.de\/bi\/wp-content\/uploads\/2016\/02\/Montagen4-768x220.jpg 768w, https:\/\/www.proholzlandwald.de\/bi\/wp-content\/uploads\/2016\/02\/Montagen4-1030x295.jpg 1030w, https:\/\/www.proholzlandwald.de\/bi\/wp-content\/uploads\/2016\/02\/Montagen4-1500x429.jpg 1500w, https:\/\/www.proholzlandwald.de\/bi\/wp-content\/uploads\/2016\/02\/Montagen4-705x202.jpg 705w, https:\/\/www.proholzlandwald.de\/bi\/wp-content\/uploads\/2016\/02\/Montagen4-450x129.jpg 450w\" sizes=\"(max-width: 2096px) 100vw, 2096px\" \/><\/div><\/div><\/div>\n\n<style type=\"text\/css\" data-created_by=\"avia_inline_auto\" id=\"style-css-av-takz6-aaf367f07d42a0d602a9c8a7af5c51da\">\n.flex_column.av-takz6-aaf367f07d42a0d602a9c8a7af5c51da{\nborder-radius:0px 0px 0px 0px;\npadding:0px 0px 0px 0px;\n}\n<\/style>\n<div  class='flex_column av-takz6-aaf367f07d42a0d602a9c8a7af5c51da av_three_fifth  avia-builder-el-2  el_after_av_image  avia-builder-el-last  first flex_column_div av-zero-column-padding  '     ><section  class='av_textblock_section av-jwiga-af5e2a3f1e8e2153f56681528341b1ac '   itemscope=\"itemscope\" itemtype=\"https:\/\/schema.org\/CreativeWork\" ><div class='avia_textblock'  itemprop=\"text\" ><p><strong>Die Regierung h\u00e4lt an Ihren Ausbaupl\u00e4nen fest &#8230; <\/strong><\/p>\n<p>Dabei heisst es &#8220;Der Ausbau der Windenergie werde allerdings nicht ohne Mitsprache der B\u00fcrger erfolgen.&#8221; DOCH wieso werden dann noch immer Windr\u00e4der gegen den Willen der B\u00fcrger gebaut und wieso heist es dann im gleichen Artikel &#8220;Es lasse sich immer wieder beobachten, dass der Widerstand von B\u00fcrgerinitiativen gegen Windkraftanlagen von CDU-Politikern organisiert werde&#8221;, wird also unser B\u00fcrgerwille deshalb nicht beachtet?<br \/>\nWir sagen nein zu diesen Ausbau der Windenergie gegen den Willen der B\u00fcrger!<\/p>\n<\/div><\/section><\/div>\n","protected":false},"excerpt":{"rendered":"","protected":false},"author":1,"featured_media":0,"parent":0,"menu_order":0,"comment_status":"closed","ping_status":"closed","template":"","meta":{"footnotes":""},"yoast_head":"<!-- This site is optimized with the Yoast SEO plugin v22.3 - https:\/\/yoast.com\/wordpress\/plugins\/seo\/ -->\n<title>Regionales - ProHolzlandwald.de<\/title>\n<meta name=\"robots\" content=\"index, follow, max-snippet:-1, max-image-preview:large, max-video-preview:-1\" \/>\n<link rel=\"canonical\" href=\"https:\/\/www.proholzlandwald.de\/bi\/regionales\/\" \/>\n<meta property=\"og:locale\" content=\"de_DE\" \/>\n<meta property=\"og:type\" content=\"article\" \/>\n<meta property=\"og:title\" content=\"Regionales - ProHolzlandwald.de\" \/>\n<meta property=\"og:url\" content=\"https:\/\/www.proholzlandwald.de\/bi\/regionales\/\" \/>\n<meta property=\"og:site_name\" content=\"ProHolzlandwald.de\" \/>\n<meta property=\"article:modified_time\" content=\"2024-10-29T14:11:50+00:00\" \/>\n<meta name=\"twitter:card\" content=\"summary_large_image\" \/>\n<meta name=\"twitter:label1\" content=\"Gesch\u00e4tzte Lesezeit\" \/>\n\t<meta name=\"twitter:data1\" content=\"2\u00a0Minuten\" \/>\n<script type=\"application\/ld+json\" class=\"yoast-schema-graph\">{\"@context\":\"https:\/\/schema.org\",\"@graph\":[{\"@type\":\"WebPage\",\"@id\":\"https:\/\/www.proholzlandwald.de\/bi\/regionales\/\",\"url\":\"https:\/\/www.proholzlandwald.de\/bi\/regionales\/\",\"name\":\"Regionales - ProHolzlandwald.de\",\"isPartOf\":{\"@id\":\"https:\/\/www.proholzlandwald.de\/bi\/#website\"},\"datePublished\":\"2016-02-08T12:06:08+00:00\",\"dateModified\":\"2024-10-29T14:11:50+00:00\",\"breadcrumb\":{\"@id\":\"https:\/\/www.proholzlandwald.de\/bi\/regionales\/#breadcrumb\"},\"inLanguage\":\"de\",\"potentialAction\":[{\"@type\":\"ReadAction\",\"target\":[\"https:\/\/www.proholzlandwald.de\/bi\/regionales\/\"]}]},{\"@type\":\"BreadcrumbList\",\"@id\":\"https:\/\/www.proholzlandwald.de\/bi\/regionales\/#breadcrumb\",\"itemListElement\":[{\"@type\":\"ListItem\",\"position\":1,\"name\":\"Startseite\",\"item\":\"https:\/\/www.proholzlandwald.de\/bi\/startseite-2\/\"},{\"@type\":\"ListItem\",\"position\":2,\"name\":\"Regionales\"}]},{\"@type\":\"WebSite\",\"@id\":\"https:\/\/www.proholzlandwald.de\/bi\/#website\",\"url\":\"https:\/\/www.proholzlandwald.de\/bi\/\",\"name\":\"ProHolzlandwald.de\",\"description\":\"B\u00fcrgerinitiative ProHolzlandwald\",\"potentialAction\":[{\"@type\":\"SearchAction\",\"target\":{\"@type\":\"EntryPoint\",\"urlTemplate\":\"https:\/\/www.proholzlandwald.de\/bi\/?s={search_term_string}\"},\"query-input\":\"required name=search_term_string\"}],\"inLanguage\":\"de\"}]}<\/script>\n<!-- \/ Yoast SEO plugin. -->","yoast_head_json":{"title":"Regionales - ProHolzlandwald.de","robots":{"index":"index","follow":"follow","max-snippet":"max-snippet:-1","max-image-preview":"max-image-preview:large","max-video-preview":"max-video-preview:-1"},"canonical":"https:\/\/www.proholzlandwald.de\/bi\/regionales\/","og_locale":"de_DE","og_type":"article","og_title":"Regionales - ProHolzlandwald.de","og_url":"https:\/\/www.proholzlandwald.de\/bi\/regionales\/","og_site_name":"ProHolzlandwald.de","article_modified_time":"2024-10-29T14:11:50+00:00","twitter_card":"summary_large_image","twitter_misc":{"Gesch\u00e4tzte Lesezeit":"2\u00a0Minuten"},"schema":{"@context":"https:\/\/schema.org","@graph":[{"@type":"WebPage","@id":"https:\/\/www.proholzlandwald.de\/bi\/regionales\/","url":"https:\/\/www.proholzlandwald.de\/bi\/regionales\/","name":"Regionales - ProHolzlandwald.de","isPartOf":{"@id":"https:\/\/www.proholzlandwald.de\/bi\/#website"},"datePublished":"2016-02-08T12:06:08+00:00","dateModified":"2024-10-29T14:11:50+00:00","breadcrumb":{"@id":"https:\/\/www.proholzlandwald.de\/bi\/regionales\/#breadcrumb"},"inLanguage":"de","potentialAction":[{"@type":"ReadAction","target":["https:\/\/www.proholzlandwald.de\/bi\/regionales\/"]}]},{"@type":"BreadcrumbList","@id":"https:\/\/www.proholzlandwald.de\/bi\/regionales\/#breadcrumb","itemListElement":[{"@type":"ListItem","position":1,"name":"Startseite","item":"https:\/\/www.proholzlandwald.de\/bi\/startseite-2\/"},{"@type":"ListItem","position":2,"name":"Regionales"}]},{"@type":"WebSite","@id":"https:\/\/www.proholzlandwald.de\/bi\/#website","url":"https:\/\/www.proholzlandwald.de\/bi\/","name":"ProHolzlandwald.de","description":"B\u00fcrgerinitiative ProHolzlandwald","potentialAction":[{"@type":"SearchAction","target":{"@type":"EntryPoint","urlTemplate":"https:\/\/www.proholzlandwald.de\/bi\/?s={search_term_string}"},"query-input":"required name=search_term_string"}],"inLanguage":"de"}]}},"_links":{"self":[{"href":"https:\/\/www.proholzlandwald.de\/bi\/wp-json\/wp\/v2\/pages\/610"}],"collection":[{"href":"https:\/\/www.proholzlandwald.de\/bi\/wp-json\/wp\/v2\/pages"}],"about":[{"href":"https:\/\/www.proholzlandwald.de\/bi\/wp-json\/wp\/v2\/types\/page"}],"author":[{"embeddable":true,"href":"https:\/\/www.proholzlandwald.de\/bi\/wp-json\/wp\/v2\/users\/1"}],"replies":[{"embeddable":true,"href":"https:\/\/www.proholzlandwald.de\/bi\/wp-json\/wp\/v2\/comments?post=610"}],"version-history":[{"count":8,"href":"https:\/\/www.proholzlandwald.de\/bi\/wp-json\/wp\/v2\/pages\/610\/revisions"}],"predecessor-version":[{"id":2546,"href":"https:\/\/www.proholzlandwald.de\/bi\/wp-json\/wp\/v2\/pages\/610\/revisions\/2546"}],"wp:attachment":[{"href":"https:\/\/www.proholzlandwald.de\/bi\/wp-json\/wp\/v2\/media?parent=610"}],"curies":[{"name":"wp","href":"https:\/\/api.w.org\/{rel}","templated":true}]}}